{"id":16492,"date":"2024-12-10T21:13:25","date_gmt":"2024-12-10T21:13:25","guid":{"rendered":"http:\/\/maxxinstitutes.com\/?post_type=product&#038;p=16492"},"modified":"2026-01-16T19:55:16","modified_gmt":"2026-01-16T19:55:16","slug":"kombinierter-kurs-204-lektionen-spanisch-auf-ibiza","status":"publish","type":"product","link":"https:\/\/maxxinstitutes.com\/de\/produkt\/kombinierter-kurs-204-lektionen-spanisch-auf-ibiza\/","title":{"rendered":"Kombinierter Kurs 20+4 Lektionen Spanisch auf Ibiza"},"content":{"rendered":"<ul>\n<li>20 Gruppenstunden + 4 Einzelstunden pro Woche<\/li>\n<li>Unterrichtsstunden pro Woche: 20 Stunden Gruppenunterricht + 4 Privatstunden<br \/>\n<strong>2025 Verf\u00fcgbar von: 31.03.2025 bis 27.10.2025 (sonst Privatunterricht)<\/strong><strong>Inhalt und Ziele:<\/strong><\/li>\n<li>Konversation und Grammatik auf Ihrem Niveau<\/li>\n<li>Niveaus: Von A1 bis B2. F\u00fcr Sch\u00fcler mit Niveau C1 und C2 bieten wir Privatunterricht an. <\/li>\n<li>Freizeitaktivit\u00e4ten: 3 pro Woche inklusive<\/li>\n<li>Kursdauer: 1-52 Wochen (frei w\u00e4hlbar)<\/li>\n<li>Dauer des Unterrichts: 4 Lektionen pro Tag zu je 50 MinutenStundenplan<strong>:<\/strong><\/li>\n<li>zwischen 8:00-9:00 Uhr oder nach 14:15 Uhr (wird nach der Buchung vereinbart), Einzelunterricht<br \/>\n9.30-11.10 Uhr, erster Block, zwei Gruppenstunden<br \/>\n11.10-11.25 Uhr Pause<br \/>\n11.25-13.05 Uhr, zweiter Block, zwei Gruppenstunden<br \/>\n13:20-14:05 Uhr, Freizeitaktivit\u00e4ten (falls gew\u00fcnscht), montags, dienstags und donnerstags<\/li>\n<li>Gruppengr\u00f6\u00dfe: Durchschnittlich 6, maximal 12 Teilnehmer<\/li>\n<li>Starttermine: Jeden Montag, mit Vorkenntnissen.<\/li>\n<\/ul>\n<p data-start=\"3036\" data-end=\"3310\">   <div class=\"pricing-section\" id=\"pricing-section-main\">\n        <div class=\"pricing-content\">\n                            <h2>Preise<\/h2>\n<ul>\n<h3>Kombikurs 20+4 Lektionen\/Woche<\/h3>\n<div class=\"indented\">\n<li><strong>1 Woche:<\/strong> 385\u20ac<\/li>\n<\/div>\n<div class=\"indented\">\n<li><strong>2\u20138 Wochen:<\/strong> 337\u20ac<\/li>\n<\/div>\n<div class=\"indented\">\n<li><strong>9\u201324 Wochen:<\/strong> 282\u20ac<\/li>\n<\/div>\n<div class=\"indented\">\n<li><strong>24+ Wochen:<\/strong> 272\u20ac<\/li>\n<\/div>\n<\/ul>\n<p>Wenn diese Pakete nicht ganz Ihren Bed\u00fcrfnissen entsprechen oder Sie weitere Informationen w\u00fcnschen, bevor Sie eine Entscheidung treffen, z\u00f6gern Sie nicht:<\/p>\n<div class=\"btn-grpp\">\n  <a class=\"btn-11\" href=\"\/de\/kontakt\/\"><br \/>\n    <button>Kontaktieren Sie uns<\/button><br \/>\n  <\/a><br \/>\n  <a class=\"btn-22\" href=\"\/de\/kosten-rechner\/\"><br \/>\n    <button>Angebot einholen<\/button><br \/>\n  <\/a>\n<\/div>\n                   <\/div>\n       <div class=\"pricing-image\">\n                            <img fetchpriority=\"high\" decoding=\"async\" src=\"https:\/\/maxxinstitutes.com\/wp-content\/uploads\/2024\/12\/7-1.png\" alt=\"Custom Product Image\" width=\"400\" height=\"400\" title=\"\">\n                 <\/div>\n\t   \n  <\/div>\n<style>\nbody {\nfont-family: Arial, sans-serif;\nmargin: 0;\npadding: 0;\nbackground-color: #f4f4f4;\n}\n\n.pricing-section {\n    display: flex;\n    align-items: center;\n    justify-content: center;\n    padding: 30px;\n    background: linear-gradient(135deg, #1c1e64, #5b6db8);\n    color: white;\n}\n\n.pricing-content {\nflex: 1;\npadding: 20px;\nmax-width: 50%;\n}\n\n.pricing-content h2 {\nfont-size: 36px;\nmargin-bottom: 20px;\n}\n\n.pricing-content ul {\nlist-style: none;\npadding: 0;\n}\n\n.pricing-content li {\nfont-size: 14px;\nmargin-bottom: 10px;\n}\n\n.pricing-content a {\ncolor: #96c8ff;\ntext-decoration: none;\n}\n\n.pricing-content a:hover {\ntext-decoration: underline;\n}\n\n.pricing-image {\nflex: 1;\nmax-width: 50%;\ndisplay: flex;\njustify-content: center;\nalign-items: center;\npadding: 20px;\n}\n\n.pricing-image img {\nmax-width: 100%;\nborder-radius: 10px;\n}\n\n\/* Responsive Design *\/\n@media (max-width: 768px) {\n.pricing-section {\nflex-direction: column;\ntext-align: center;\t\n}\n.pricing-content {\n    justify-items: center;\n}\n.pricing-content, .pricing-image {\nmax-width: 100%;\n}\n}\n#pricing-section-main .pricing-content h2 {\n    color: #ffffff;\n    font-size: 27px;\n}\n\n#pricing-section-main .pricing-content h3 {\n    color: #ffffff;\n    font-size: 17px;\n}\n\n.indented {\n    margin-left: 26px;\n}\n\n.pricing-content ul {\n    list-style: disc;\n}\n.pricing-content li {\n    text-align: left;\n    margin-bottom: 13px;\n}\n#pricing-section-main .pricing-content p {\n    font-size: 12px;\n}\n@media and (max-width: 768px){\ndiv#pricing-section-main {\n    padding: 20px;\n}\n}\ndiv#pricing-section-main {\n   margin-bottom: 20px;\n}\n\t.pricing-content h3 {\n    text-align: left!important;\n}\n\/* \t17-02-25 *\/\n\t.btn-grpp {\n    display: flex;\n}\na.btn-22 {\n    margin-left: 12px;\n}\n.pricing-image {\n    max-width: fit-content;\n}\n\t.btn-grpp button {\n    color: #020c1a;\n    border-radius: 3px;\n}\n<\/style>\n    <\/p>\n","protected":false},"excerpt":{"rendered":"<ul>\n<li>Spanischkurs f\u00fcr jedes Niveau (Anf\u00e4nger bis Fortgeschrittene)<\/li>\n<li>Verf\u00fcgbar von April bis November<\/li>\n<li>F\u00fcr Starttermine in anderen Monaten schauen Sie bitte unter <strong>Privatunterricht<\/strong><\/li>\n<li>W\u00e4hlen Sie zwischen 1 oder 2 Wochen (f\u00fcr mehr Wochen, kontaktieren Sie uns bitte)<\/li>\n<\/ul>\n","protected":false},"featured_media":23246,"comment_status":"closed","ping_status":"closed","template":"","meta":[],"product_brand":[],"product_cat":[254,437],"product_tag":[],"class_list":{"0":"post-16492","1":"product","2":"type-product","3":"status-publish","4":"has-post-thumbnail","6":"product_cat-spanischkurse-auf-ibiza","7":"product_cat-stromkurse-ibiza","9":"first","10":"instock","11":"shipping-taxable","12":"purchasable","13":"product-type-variable"},"_links":{"self":[{"href":"https:\/\/maxxinstitutes.com\/de\/wp-json\/wp\/v2\/product\/16492","targetHints":{"allow":["GET"]}}],"collection":[{"href":"https:\/\/maxxinstitutes.com\/de\/wp-json\/wp\/v2\/product"}],"about":[{"href":"https:\/\/maxxinstitutes.com\/de\/wp-json\/wp\/v2\/types\/product"}],"replies":[{"embeddable":true,"href":"https:\/\/maxxinstitutes.com\/de\/wp-json\/wp\/v2\/comments?post=16492"}],"wp:featuredmedia":[{"embeddable":true,"href":"https:\/\/maxxinstitutes.com\/de\/wp-json\/wp\/v2\/media\/23246"}],"wp:attachment":[{"href":"https:\/\/maxxinstitutes.com\/de\/wp-json\/wp\/v2\/media?parent=16492"}],"wp:term":[{"taxonomy":"product_brand","embeddable":true,"href":"https:\/\/maxxinstitutes.com\/de\/wp-json\/wp\/v2\/product_brand?post=16492"},{"taxonomy":"product_cat","embeddable":true,"href":"https:\/\/maxxinstitutes.com\/de\/wp-json\/wp\/v2\/product_cat?post=16492"},{"taxonomy":"product_tag","embeddable":true,"href":"https:\/\/maxxinstitutes.com\/de\/wp-json\/wp\/v2\/product_tag?post=16492"}],"curies":[{"name":"wp","href":"https:\/\/api.w.org\/{rel}","templated":true}]}}