{"id":15747,"date":"2024-09-18T10:38:14","date_gmt":"2024-09-18T10:38:14","guid":{"rendered":"http:\/\/maxxinstitutes.com\/product\/20-gruppenunterrichtsstunden-pro-woche-2025\/"},"modified":"2025-10-09T20:30:39","modified_gmt":"2025-10-09T20:30:39","slug":"20-gruppenunterrichtsstunden-pro-woche-2025","status":"publish","type":"product","link":"https:\/\/maxxinstitutes.com\/de\/produkt\/20-gruppenunterrichtsstunden-pro-woche-2025\/","title":{"rendered":"20 Gruppenunterrichtsstunden pro Woche in Palma de Mallorca"},"content":{"rendered":"<div class=\"frst-box\">\n<div class=\"price-box\">\n<h2>Allgemeines Spanisch &#8211; 20 Gruppenlektionen pro Woche<\/h2>\n<h3><strong>Warum Mallorca<\/strong><\/h3>\n<p>Lernen Sie Spanisch und genie\u00dfen Sie den mediterranen Lebensstil. Unsere zentral gelegene Schule in <strong data-start=\"211\" data-end=\"232\">Palma de Mallorca<\/strong> ist in einem ger\u00e4umigen historischen Geb\u00e4ude untergebracht &#8211; eine inspirierende und entspannende Umgebung f\u00fcr Ihre Lernreise. Nach dem Unterricht k\u00f6nnen Sie die charmanten Stra\u00dfen der Altstadt, die goldenen Str\u00e4nde und die lebhaften M\u00e4rkte in der sonnenverw\u00f6hnten Hauptstadt der Insel erkunden.  <\/p>\n<p>Unser beliebtester Kurs auf Mallorca richtet sich an Lernende aller Niveaus, vom absoluten Anf\u00e4nger bis zur oberen Mittelstufe. Erleben Sie dynamische, wechselnde Lehrer, kleine Gruppen und eintauchende kulturelle Aktivit\u00e4ten &#8211; die perfekte Mischung aus Struktur und Spa\u00df, um Ihr Spanisch schnell und effektiv zu verbessern. <\/p>\n<\/div>\n<h3><strong>Kurs Details<\/strong><\/h3>\n<ul>\n<li><strong data-start=\"864\" data-end=\"885\">Lektionen pro Woche:<\/strong> 20 Gruppenstunden<\/li>\n<li><strong data-start=\"907\" data-end=\"925\">Dauer der Lektion:<\/strong> 50 Minuten pro Klasse<\/li>\n<li><strong data-start=\"951\" data-end=\"970\">Angebotene Niveaus:<\/strong> A0 (absolute Anf\u00e4nger) bis B2<\/li>\n<li><strong data-start=\"1005\" data-end=\"1018\">Lehrkr\u00e4fte:<\/strong> Mindestens 2 wechselnde qualifizierte muttersprachliche Lehrer pro Woche<\/li>\n<li><strong data-start=\"1089\" data-end=\"1109\">Kursdauer:<\/strong> 1 bis 52 Wochen<\/li>\n<li><strong data-start=\"1128\" data-end=\"1142\">Zeitplan:<\/strong> Montag bis Freitag, 9:30-11:10 und 11:25-13:05<\/li>\n<li>\n<p data-prosemirror-content-type=\"node\" data-prosemirror-node-name=\"paragraph\" data-prosemirror-node-block=\"true\" data-pm-slice=\"1 1 []\"><strong data-prosemirror-content-type=\"mark\" data-prosemirror-mark-name=\"strong\">Anfangsdaten:<\/strong> Jeden Montag. F\u00fcr absolute Anf\u00e4nger und f\u00fcr Teilnehmer mit Vorkenntnissen in Spanisch. Bitte beachten Sie die <strong data-prosemirror-content-type=\"mark\" data-prosemirror-mark-name=\"strong\"><a href=\"https:\/\/maxxinstitutes.com\/de\/mallorca\/#startdates\">Starttermine und Feiertage<\/a>.<\/strong>  <\/p>\n<\/li>\n<li><strong data-start=\"1283\" data-end=\"1298\">Gruppengr\u00f6\u00dfe:<\/strong> Durchschnittlich 6 Sch\u00fcler, maximal 10<\/li>\n<li><strong data-start=\"1334\" data-end=\"1350\">Alter der Sch\u00fcler:<\/strong> Mindestalter 18 Jahre; Durchschnittsalter:<br data-start=\"1379\" data-end=\"1382\">&#8211; Juli &amp; August: ~28 Jahre<br data-start=\"1410\" data-end=\"1413\">&#8211; Rest des Jahres: ~36-55 Jahre<\/li>\n<li><strong data-start=\"1452\" data-end=\"1469\">C1\/C2 Niveau:<\/strong> Bitte buchen Sie Einzelunterricht &#8211; dieser Kurs ist nicht f\u00fcr fortgeschrittene Lerner geeignet<\/li>\n<\/ul>\n<\/div>\n<h3><strong>Was ist inbegriffen?<\/strong><\/h3>\n<ul>\n<li data-start=\"1583\" data-end=\"1629\">3 w\u00f6chentliche <strong data-start=\"1592\" data-end=\"1616\">kulturelle Erlebnisse<\/strong> (inklusive)<\/li>\n<li data-start=\"1632\" data-end=\"1676\">Einstufungstest &amp; Teilnahmezertifikat<\/li>\n<li data-start=\"1679\" data-end=\"1715\">Qualifizierte muttersprachliche Lehrer<\/li>\n<li data-start=\"1718\" data-end=\"1752\">Zugang zu Gemeinschaftsr\u00e4umen und Wi-Fi<\/li>\n<li data-start=\"1755\" data-end=\"1799\">Unterst\u00fctzung bei der Buchung einer Unterkunft, falls erforderlich<\/li>\n<\/ul>\n<h3><strong>Warum sollten Sie diesen Kurs auf Mallorca w\u00e4hlen?<\/strong><\/h3>\n<ul>\n<li>Kleine Gruppen und pers\u00f6nliche Betreuung<\/li>\n<li>Wechselnde Lehrer = mehr Akzente, mehr Exposition, mehr Fortschritt<\/li>\n<li>Kombinieren Sie Strandleben, Kultur und Sprachenlernen in einem der sch\u00f6nsten Reiseziele Europas<\/li>\n<\/ul>\n<div class=\"frst-box\">\n<div class=\"price-box\">\n<ul>\n<li style=\"list-style-type: none;\">\n<\/li>\n<\/ul>\n<\/div>\n<\/div>\n<p data-start=\"3036\" data-end=\"3310\">   <div class=\"pricing-section\" id=\"pricing-section-main\">\n        <div class=\"pricing-content\">\n                            <h2>Preise<\/h2>\n<ul>\n<h3>20 Gruppenlektionen\/Woche<\/h3>\n<div class=\"indented\">\n<li><strong>1\u20134 Wochen:<\/strong> 229\u20ac<\/li>\n<\/div>\n<div class=\"indented\">\n<li><strong>5\u20138 Wochen:<\/strong> 209\u20ac pro Woche<\/li>\n<\/div>\n<div class=\"indented\">\n<li><strong>9\u201324 Wochen:<\/strong> 170\u20ac pro Woche<\/li>\n<\/div>\n<div class=\"indented\">\n<li><strong>24+ Wochen:<\/strong> 160\u20ac pro Woche<\/li>\n<\/div>\n<\/ul>\n<p>Wenn diese Pakete nicht ganz Ihren Bed\u00fcrfnissen entsprechen oder Sie weitere Informationen w\u00fcnschen, bevor Sie eine Entscheidung treffen, z\u00f6gern Sie nicht:<\/p>\n<div class=\"btn-grpp\">\n  <a class=\"btn-11\" href=\"\/de\/kontakt\/\"><br \/>\n    <button>Kontaktieren Sie uns<\/button><br \/>\n  <\/a><br \/>\n  <a class=\"btn-22\" href=\"\/de\/kosten-rechner\/\"><br \/>\n    <button>Angebot einholen<\/button><br \/>\n  <\/a>\n<\/div>\n                   <\/div>\n       <div class=\"pricing-image\">\n                            <img fetchpriority=\"high\" decoding=\"async\" src=\"https:\/\/maxxinstitutes.com\/wp-content\/uploads\/2024\/09\/Spanish-intensive-20-5-lessons-week_.jpg\" alt=\"Custom Product Image\" width=\"400\" height=\"400\" title=\"\">\n                 <\/div>\n\t   \n  <\/div>\n<style>\nbody {\nfont-family: Arial, sans-serif;\nmargin: 0;\npadding: 0;\nbackground-color: #f4f4f4;\n}\n\n.pricing-section {\n    display: flex;\n    align-items: center;\n    justify-content: center;\n    padding: 30px;\n    background: linear-gradient(135deg, #1c1e64, #5b6db8);\n    color: white;\n}\n\n.pricing-content {\nflex: 1;\npadding: 20px;\nmax-width: 50%;\n}\n\n.pricing-content h2 {\nfont-size: 36px;\nmargin-bottom: 20px;\n}\n\n.pricing-content ul {\nlist-style: none;\npadding: 0;\n}\n\n.pricing-content li {\nfont-size: 14px;\nmargin-bottom: 10px;\n}\n\n.pricing-content a {\ncolor: #96c8ff;\ntext-decoration: none;\n}\n\n.pricing-content a:hover {\ntext-decoration: underline;\n}\n\n.pricing-image {\nflex: 1;\nmax-width: 50%;\ndisplay: flex;\njustify-content: center;\nalign-items: center;\npadding: 20px;\n}\n\n.pricing-image img {\nmax-width: 100%;\nborder-radius: 10px;\n}\n\n\/* Responsive Design *\/\n@media (max-width: 768px) {\n.pricing-section {\nflex-direction: column;\ntext-align: center;\t\n}\n.pricing-content {\n    justify-items: center;\n}\n.pricing-content, .pricing-image {\nmax-width: 100%;\n}\n}\n#pricing-section-main .pricing-content h2 {\n    color: #ffffff;\n    font-size: 27px;\n}\n\n#pricing-section-main .pricing-content h3 {\n    color: #ffffff;\n    font-size: 17px;\n}\n\n.indented {\n    margin-left: 26px;\n}\n\n.pricing-content ul {\n    list-style: disc;\n}\n.pricing-content li {\n    text-align: left;\n    margin-bottom: 13px;\n}\n#pricing-section-main .pricing-content p {\n    font-size: 12px;\n}\n@media and (max-width: 768px){\ndiv#pricing-section-main {\n    padding: 20px;\n}\n}\ndiv#pricing-section-main {\n   margin-bottom: 20px;\n}\n\t.pricing-content h3 {\n    text-align: left!important;\n}\n\/* \t17-02-25 *\/\n\t.btn-grpp {\n    display: flex;\n}\na.btn-22 {\n    margin-left: 12px;\n}\n.pricing-image {\n    max-width: fit-content;\n}\n\t.btn-grpp button {\n    color: #020c1a;\n    border-radius: 3px;\n}\n<\/style>\n    <\/p>\n","protected":false},"excerpt":{"rendered":"<ul>\n<li>\n<p class=\"\" data-start=\"215\" data-end=\"639\">Entdecken Sie die Freude am Spanischlernen im Herzen von Palma!<\/p>\n<\/li>\n<li>\n<p class=\"\" data-start=\"215\" data-end=\"639\">Unsere Gruppenkurse finden von April bis November statt und bieten eine ansprechende Mischung aus Kommunikation, Kultur und Spa\u00df. Egal, ob Sie Anf\u00e4nger oder Fortgeschrittener sind, Sie werden sich in unserer freundlichen, kleinen Gruppe wohlf\u00fchlen. <\/p>\n<\/li>\n<li>\n<p class=\"\" data-start=\"215\" data-end=\"639\"><em data-start=\"569\" data-end=\"639\">Brauchen Sie einen anderen Zeitplan? Privatunterricht ist das ganze Jahr \u00fcber m\u00f6glich. <\/em><\/p>\n<\/li>\n<\/ul>\n","protected":false},"featured_media":23337,"comment_status":"closed","ping_status":"closed","template":"","meta":[],"product_brand":[],"product_cat":[406,279],"product_tag":[],"class_list":{"0":"post-15747","1":"product","2":"type-product","3":"status-publish","4":"has-post-thumbnail","6":"product_cat-beliebtes-mallorca","7":"product_cat-mallorca-de","9":"first","10":"instock","11":"shipping-taxable","12":"purchasable","13":"product-type-variable"},"_links":{"self":[{"href":"https:\/\/maxxinstitutes.com\/de\/wp-json\/wp\/v2\/product\/15747","targetHints":{"allow":["GET"]}}],"collection":[{"href":"https:\/\/maxxinstitutes.com\/de\/wp-json\/wp\/v2\/product"}],"about":[{"href":"https:\/\/maxxinstitutes.com\/de\/wp-json\/wp\/v2\/types\/product"}],"replies":[{"embeddable":true,"href":"https:\/\/maxxinstitutes.com\/de\/wp-json\/wp\/v2\/comments?post=15747"}],"wp:featuredmedia":[{"embeddable":true,"href":"https:\/\/maxxinstitutes.com\/de\/wp-json\/wp\/v2\/media\/23337"}],"wp:attachment":[{"href":"https:\/\/maxxinstitutes.com\/de\/wp-json\/wp\/v2\/media?parent=15747"}],"wp:term":[{"taxonomy":"product_brand","embeddable":true,"href":"https:\/\/maxxinstitutes.com\/de\/wp-json\/wp\/v2\/product_brand?post=15747"},{"taxonomy":"product_cat","embeddable":true,"href":"https:\/\/maxxinstitutes.com\/de\/wp-json\/wp\/v2\/product_cat?post=15747"},{"taxonomy":"product_tag","embeddable":true,"href":"https:\/\/maxxinstitutes.com\/de\/wp-json\/wp\/v2\/product_tag?post=15747"}],"curies":[{"name":"wp","href":"https:\/\/api.w.org\/{rel}","templated":true}]}}