{"id":15727,"date":"2024-09-18T10:38:24","date_gmt":"2024-09-18T10:38:24","guid":{"rendered":"http:\/\/maxxinstitutes.com\/product\/30-gruppenunterrichtsstunden-pro-woche-2025\/"},"modified":"2025-07-31T05:27:44","modified_gmt":"2025-07-31T05:27:44","slug":"30-gruppenunterrichtsstunden-pro-woche-2025","status":"publish","type":"product","link":"https:\/\/maxxinstitutes.com\/de\/produkt\/30-gruppenunterrichtsstunden-pro-woche-2025\/","title":{"rendered":"30 Gruppenunterrichtsstunden pro Woche in Palma de Mallorca"},"content":{"rendered":"<h2>Spanisch Intensivkurs Ibiza &#8211; 30 Lektionen pro Woche<\/h2>\n<h3 data-start=\"296\" data-end=\"315\">Warum Mallorca?<\/h3>\n<p data-start=\"316\" data-end=\"528\">Lerne Spanisch in einer entspannten Umgebung mit mediterranem Flair. Unsere Sprachschule liegt zentral in Palma de Mallorca in einem gro\u00dfz\u00fcgigen historischen Geb\u00e4ude \u2013 der perfekte Ort, um intensives Lernen mit Urlaub zu verbinden. <\/p>\n<p data-start=\"560\" data-end=\"844\"><strong data-start=\"560\" data-end=\"610\">Unser komplettester Spanischkurs<\/strong>, perfekt f\u00fcr Lernende, die das Beste aus ihrer Zeit machen wollen. Dieser Kurs, der in vielen deutschen Bundesl\u00e4ndern f\u00fcr den <strong data-start=\"689\" data-end=\"707\">Bildungsurlaub<\/strong> anerkannt ist, kombiniert dynamischen Gruppenunterricht mit gezielten Minigruppen\u00fcbungen f\u00fcr maximale Fortschritte in minimaler Zeit. <\/p>\n<h3><strong data-start=\"430\" data-end=\"448\">Details zur Klasse:<\/strong><\/h3>\n<ul>\n<li data-start=\"567\" data-end=\"639\"><strong data-start=\"567\" data-end=\"583\">Kursart:<\/strong> Spanisch Intensivkurs Ibiza (anerkannt f\u00fcr Bildungsurlaub)<\/li>\n<li data-start=\"642\" data-end=\"741\"><strong data-start=\"642\" data-end=\"663\">Lektionen pro Woche:<\/strong> 30<br data-start=\"666\" data-end=\"669\">&#8211; <em data-start=\"673\" data-end=\"709\">23 Gruppenstunden + 7 zus\u00e4tzliche Stunden<\/em> in Minigruppen (1-4 Sch\u00fcler)<\/li>\n<li data-start=\"744\" data-end=\"859\"><strong data-start=\"744\" data-end=\"764\">Kursdauer:<\/strong> 1-2 Wochen<br data-start=\"774\" data-end=\"777\">&#8211; F\u00fcr l\u00e4ngere Aufenthalte empfehlen wir unser Programm <strong data-start=\"832\" data-end=\"850\">mit 20 Lektionen\/Woche<\/strong>.<\/li>\n<li data-start=\"862\" data-end=\"891\"><strong data-start=\"862\" data-end=\"880\">Dauer der Lektion:<\/strong> 50 Minuten<\/li>\n<li data-start=\"894\" data-end=\"910\"><strong data-start=\"894\" data-end=\"908\">Stundenplan:<\/strong>\n<ul data-start=\"913\" data-end=\"1263\">\n<li data-start=\"913\" data-end=\"992\">\n<p data-start=\"915\" data-end=\"992\"><strong data-start=\"915\" data-end=\"934\">Dienstag-Freitag:<\/strong> 8:00-9:30 &#8211; Zus\u00e4tzliche Grammatik &amp; Konversation in Minigruppen<\/p>\n<\/li>\n<li data-start=\"995\" data-end=\"1057\">\n<p data-start=\"997\" data-end=\"1057\">9:30-11:10 &#8211; Erster Block: 2 Gruppenstunden mit einem Lehrer<\/p>\n<\/li>\n<li data-start=\"1060\" data-end=\"1083\">\n<p data-start=\"1062\" data-end=\"1083\">11:10-11:25 &#8211; Pause<\/p>\n<\/li>\n<li data-start=\"1086\" data-end=\"1155\">\n<p data-start=\"1088\" data-end=\"1155\">11:25-13:05 &#8211; Zweiter Block: 2 Gruppenstunden mit einem zweiten Lehrer<\/p>\n<\/li>\n<li data-start=\"1158\" data-end=\"1263\">\n<p data-start=\"1160\" data-end=\"1263\">13:20-14:10 &#8211; Dritter Block: Gruppenaktivit\u00e4ten am Montag, Dienstag &amp; Donnerstag (im oder au\u00dferhalb des Klassenzimmers)<\/p>\n<\/li>\n<\/ul>\n<\/li>\n<li data-start=\"1266\" data-end=\"1353\"><strong data-start=\"1266\" data-end=\"1277\">Niveaus:<\/strong> Von <strong data-start=\"1283\" data-end=\"1295\">A1 bis B2<\/strong><br data-start=\"1295\" data-end=\"1298\">&#8211; F\u00fcr das Niveau <strong data-start=\"1306\" data-end=\"1315\">C1-C2<\/strong> empfehlen wir Privatunterricht.<\/li>\n<li data-start=\"1356\" data-end=\"1399\"><strong data-start=\"1356\" data-end=\"1371\">Gruppengr\u00f6\u00dfe:<\/strong> Durchschnittlich 6 Sch\u00fcler, maximal. 10<\/li>\n<li data-start=\"1402\" data-end=\"1536\"><strong data-start=\"1402\" data-end=\"1423\">Starttermine 2025:<\/strong><br data-start=\"1423\" data-end=\"1426\">Jeden Montag vom <strong data-start=\"1446\" data-end=\"1477\">1. April bis zum 27. Oktober 2025<\/strong> &#8211; geeignet f\u00fcr alle Sch\u00fcler, auch f\u00fcr absolute Anf\u00e4nger.<\/li>\n<li data-start=\"1539\" data-end=\"1672\"><strong data-start=\"1539\" data-end=\"1552\">Lehrkr\u00e4fte:<\/strong> Mindestens 2 muttersprachliche Lehrer pro Woche, die sich abwechseln, um f\u00fcr Abwechslung, Akzente und eine dynamischere Lernerfahrung zu sorgen.<\/li>\n<\/ul>\n<h3><strong>Was enthalten ist:<\/strong><\/h3>\n<ul>\n<li data-start=\"1733\" data-end=\"1800\"><strong data-start=\"1733\" data-end=\"1755\">Freizeitaktivit\u00e4ten<\/strong>: 3 kulturelle und soziale Aktivit\u00e4ten pro Woche<\/li>\n<li data-start=\"1803\" data-end=\"1874\"><strong data-start=\"1803\" data-end=\"1823\">Anmeldegeb\u00fchr<\/strong>: 0 \u20ac &#8211; buchen Sie direkt bei uns, ohne versteckte Kosten<\/li>\n<li data-start=\"1877\" data-end=\"1971\"><strong data-start=\"1877\" data-end=\"1900\">Zus\u00e4tzliche Dienstleistungen<\/strong>: Einstufungstest, Kurszertifikat, Unterkunftsoptionen verf\u00fcgbar<\/li>\n<\/ul>\n<h3><strong>Warum sollten Sie diesen Kurs in Palma de Mallorca w\u00e4hlen?<\/strong><\/h3>\n<ul>\n<li>Kleine Gruppen und pers\u00f6nliche Betreuung<\/li>\n<li>Wechselnde Lehrer = mehr Akzente, mehr Exposition, mehr Fortschritt<\/li>\n<li>Kombinieren Sie Strandleben, Kultur und Sprachenlernen in einem der sch\u00f6nsten Reiseziele Europas<\/li>\n<\/ul>\n<p data-start=\"3036\" data-end=\"3310\">   <div class=\"pricing-section\" id=\"pricing-section-main\">\n        <div class=\"pricing-content\">\n                            <h2>Preise<\/h2>\n<ul>\n<h3>30 Gruppenlektionen\/Woche<\/h3>\n<div class=\"indented\">\n<li><strong>1\u20134 Wochen:<\/strong> 345\u20ac<\/li>\n<\/div>\n<div class=\"indented\">\n<li><strong>5\u20138 Wochen:<\/strong> 335\u20ac<\/li>\n<\/div>\n<div class=\"indented\">\n<li><strong>9\u201324 Wochen:<\/strong> 295\u20ac<\/li>\n<\/div>\n<div class=\"indented\">\n<li><strong>24+ Wochen:<\/strong> 285\u20ac<\/li>\n<\/div>\n<\/ul>\n<p>Wenn diese Pakete nicht ganz Ihren Bed\u00fcrfnissen entsprechen oder Sie weitere Informationen w\u00fcnschen, bevor Sie eine Entscheidung treffen, z\u00f6gern Sie nicht:<\/p>\n<div class=\"btn-grpp\">\n  <a class=\"btn-11\" href=\"\/de\/kontakt\/\"><br \/>\n    <button>Kontaktieren Sie uns<\/button><br \/>\n  <\/a><br \/>\n  <a class=\"btn-22\" href=\"\/de\/kosten-rechner\/\"><br \/>\n    <button>Angebot einholen<\/button><br \/>\n  <\/a>\n<\/div>\n                   <\/div>\n       <div class=\"pricing-image\">\n                            <img fetchpriority=\"high\" decoding=\"async\" src=\"https:\/\/maxxinstitutes.com\/wp-content\/uploads\/2024\/09\/Spanish-Super-Intensive-Course_.jpg\" alt=\"Custom Product Image\" width=\"400\" height=\"400\" title=\"\">\n                 <\/div>\n\t   \n  <\/div>\n<style>\nbody {\nfont-family: Arial, sans-serif;\nmargin: 0;\npadding: 0;\nbackground-color: #f4f4f4;\n}\n\n.pricing-section {\n    display: flex;\n    align-items: center;\n    justify-content: center;\n    padding: 30px;\n    background: linear-gradient(135deg, #1c1e64, #5b6db8);\n    color: white;\n}\n\n.pricing-content {\nflex: 1;\npadding: 20px;\nmax-width: 50%;\n}\n\n.pricing-content h2 {\nfont-size: 36px;\nmargin-bottom: 20px;\n}\n\n.pricing-content ul {\nlist-style: none;\npadding: 0;\n}\n\n.pricing-content li {\nfont-size: 14px;\nmargin-bottom: 10px;\n}\n\n.pricing-content a {\ncolor: #96c8ff;\ntext-decoration: none;\n}\n\n.pricing-content a:hover {\ntext-decoration: underline;\n}\n\n.pricing-image {\nflex: 1;\nmax-width: 50%;\ndisplay: flex;\njustify-content: center;\nalign-items: center;\npadding: 20px;\n}\n\n.pricing-image img {\nmax-width: 100%;\nborder-radius: 10px;\n}\n\n\/* Responsive Design *\/\n@media (max-width: 768px) {\n.pricing-section {\nflex-direction: column;\ntext-align: center;\t\n}\n.pricing-content {\n    justify-items: center;\n}\n.pricing-content, .pricing-image {\nmax-width: 100%;\n}\n}\n#pricing-section-main .pricing-content h2 {\n    color: #ffffff;\n    font-size: 27px;\n}\n\n#pricing-section-main .pricing-content h3 {\n    color: #ffffff;\n    font-size: 17px;\n}\n\n.indented {\n    margin-left: 26px;\n}\n\n.pricing-content ul {\n    list-style: disc;\n}\n.pricing-content li {\n    text-align: left;\n    margin-bottom: 13px;\n}\n#pricing-section-main .pricing-content p {\n    font-size: 12px;\n}\n@media and (max-width: 768px){\ndiv#pricing-section-main {\n    padding: 20px;\n}\n}\ndiv#pricing-section-main {\n   margin-bottom: 20px;\n}\n\t.pricing-content h3 {\n    text-align: left!important;\n}\n\/* \t17-02-25 *\/\n\t.btn-grpp {\n    display: flex;\n}\na.btn-22 {\n    margin-left: 12px;\n}\n.pricing-image {\n    max-width: fit-content;\n}\n\t.btn-grpp button {\n    color: #020c1a;\n    border-radius: 3px;\n}\n<\/style>\n    <\/p>\n","protected":false},"excerpt":{"rendered":"<ul>\n<li>Spanischkurs f\u00fcr jedes Niveau (Anf\u00e4nger bis Fortgeschrittene)<\/li>\n<li>Verf\u00fcgbar von April bis November<\/li>\n<li>F\u00fcr Starttermine in anderen Monaten schauen Sie bitte unter <strong>Privatunterricht<\/strong><\/li>\n<li>W\u00e4hlen Sie zwischen 1 oder 2 Wochen (f\u00fcr mehr Wochen, kontaktieren Sie uns bitte)<\/li>\n<\/ul>\n","protected":false},"featured_media":23330,"comment_status":"closed","ping_status":"closed","template":"","meta":[],"product_brand":[],"product_cat":[406,279],"product_tag":[],"class_list":{"0":"post-15727","1":"product","2":"type-product","3":"status-publish","4":"has-post-thumbnail","6":"product_cat-beliebtes-mallorca","7":"product_cat-mallorca-de","9":"first","10":"instock","11":"shipping-taxable","12":"purchasable","13":"product-type-variable"},"_links":{"self":[{"href":"https:\/\/maxxinstitutes.com\/de\/wp-json\/wp\/v2\/product\/15727","targetHints":{"allow":["GET"]}}],"collection":[{"href":"https:\/\/maxxinstitutes.com\/de\/wp-json\/wp\/v2\/product"}],"about":[{"href":"https:\/\/maxxinstitutes.com\/de\/wp-json\/wp\/v2\/types\/product"}],"replies":[{"embeddable":true,"href":"https:\/\/maxxinstitutes.com\/de\/wp-json\/wp\/v2\/comments?post=15727"}],"wp:featuredmedia":[{"embeddable":true,"href":"https:\/\/maxxinstitutes.com\/de\/wp-json\/wp\/v2\/media\/23330"}],"wp:attachment":[{"href":"https:\/\/maxxinstitutes.com\/de\/wp-json\/wp\/v2\/media?parent=15727"}],"wp:term":[{"taxonomy":"product_brand","embeddable":true,"href":"https:\/\/maxxinstitutes.com\/de\/wp-json\/wp\/v2\/product_brand?post=15727"},{"taxonomy":"product_cat","embeddable":true,"href":"https:\/\/maxxinstitutes.com\/de\/wp-json\/wp\/v2\/product_cat?post=15727"},{"taxonomy":"product_tag","embeddable":true,"href":"https:\/\/maxxinstitutes.com\/de\/wp-json\/wp\/v2\/product_tag?post=15727"}],"curies":[{"name":"wp","href":"https:\/\/api.w.org\/{rel}","templated":true}]}}