{"id":15682,"date":"2024-09-18T10:38:02","date_gmt":"2024-09-18T10:38:02","guid":{"rendered":"http:\/\/maxxinstitutes.com\/product\/d-e-l-e-vorbereitungs-intensivkurs-2023\/"},"modified":"2026-01-16T20:09:36","modified_gmt":"2026-01-16T20:09:36","slug":"bildungsurlaub-mallorca","status":"publish","type":"product","link":"https:\/\/maxxinstitutes.com\/de\/produkt\/bildungsurlaub-mallorca\/","title":{"rendered":"Bildungsurlaub in Palma de Mallorca"},"content":{"rendered":"<h2><strong>Bildungsurlaub auf Mallorca<\/strong><\/h2>\n<p>Der Bildungsurlaub gibt Arbeitnehmern 5 Tage zus\u00e4tzlichen bezahlten Urlaub pro Jahr f\u00fcr Weiterbildungszwecke. Einige Arbeitnehmer d\u00fcrfen zwei Jahre Bildungsurlaub kombinieren, so dass Sie bis zu 10 Tage Bildungsurlaub f\u00fcr Ihren Spanischkurs auf Mallorca nehmen k\u00f6nnen. <\/p>\n<p>Unsere Spanischkurse \u00fcber 30 Unterrichtsstunden pro Woche auf Mallorca sind in fast allen Bundesl\u00e4ndern f\u00fcr den Bildungsurlaub anerkannt.<\/p>\n<h2><strong>30 Stunden pro Woche &#8211; offiziell anerkannt f\u00fcr Bildungsurlaub<\/strong><\/h2>\n<p data-start=\"4761\" data-end=\"4993\"><strong data-start=\"4761\" data-end=\"4778\">Warum Mallorca?<\/strong><br data-start=\"4778\" data-end=\"4781\">Lerne Spanisch in einer entspannten Umgebung mit mediterranem Flair. Unsere Sprachschule liegt zentral in Palma de Mallorca in einem gro\u00dfz\u00fcgigen historischen Geb\u00e4ude \u2013 der perfekte Ort, um intensives Lernen mit Urlaub zu verbinden. <\/p>\n<p data-start=\"4995\" data-end=\"5016\"><strong data-start=\"4995\" data-end=\"5014\">Kursdetails:<\/strong><\/p>\n<ul data-start=\"5017\" data-end=\"5382\">\n<li data-start=\"5017\" data-end=\"5080\"><strong data-start=\"5019\" data-end=\"5038\">Stunden pro Woche:<\/strong> 30 (einschlie\u00dflich Gruppen- und Extra-Sitzungen)<\/li>\n<li data-start=\"5081\" data-end=\"5135\"><strong data-start=\"5083\" data-end=\"5103\">Kursdauer:<\/strong> 1-2 Wochen (frei w\u00e4hlbar)<\/li>\n<li data-start=\"5136\" data-end=\"5192\"><strong data-start=\"5138\" data-end=\"5157\">Verf\u00fcgbar von:<\/strong> 3. M\u00e4rz bis 28. November 2025<\/li>\n<li data-start=\"5193\" data-end=\"5230\"><strong data-start=\"5195\" data-end=\"5211\">Unterrichtstage:<\/strong> Montag bis Freitag<\/li>\n<li data-start=\"5231\" data-end=\"5279\"><strong data-start=\"5233\" data-end=\"5244\">Niveaus:<\/strong> A1 bis C1 (C2 im Privatunterricht)<\/li>\n<li data-start=\"5280\" data-end=\"5327\"><strong data-start=\"5282\" data-end=\"5297\">Gruppengr\u00f6\u00dfe:<\/strong> Durchschnittlich 6, maximal. 12 Studenten<\/li>\n<li data-start=\"5328\" data-end=\"5382\"><strong data-start=\"5330\" data-end=\"5346\">Starttermine:<\/strong> Jeden Montag &#8211; alle Niveaus willkommen<\/li>\n<\/ul>\n<p data-start=\"5384\" data-end=\"5399\"><strong data-start=\"5384\" data-end=\"5397\">Zeitplan:<\/strong><\/p>\n<ul data-start=\"5400\" data-end=\"5668\">\n<li data-start=\"5400\" data-end=\"5455\">8:00-9:30 (Di-Fr): Zus\u00e4tzliche Sitzungen in kleinen Gruppen<\/li>\n<li data-start=\"5456\" data-end=\"5489\">9:30-11:10: Erster Gruppenblock<\/li>\n<li data-start=\"5490\" data-end=\"5550\">11:25-13:05: Zweiter Gruppenblock mit einem anderen Lehrer<\/li>\n<li data-start=\"5551\" data-end=\"5608\">13:20-14:05: Dritter Block innerhalb\/au\u00dferhalb des Klassenzimmers<\/li>\n<li data-start=\"5609\" data-end=\"5668\">14:15-15:55 (f\u00fcr einige Staaten): zus\u00e4tzliche Nachhilfestunden<\/li>\n<\/ul>\n<p data-start=\"5670\" data-end=\"5689\"><strong data-start=\"5670\" data-end=\"5687\">Kursschwerpunkt:<\/strong><\/p>\n<ul data-start=\"5690\" data-end=\"5771\">\n<li data-start=\"5690\" data-end=\"5716\">Konversation &amp; Grammatik<\/li>\n<li data-start=\"5717\" data-end=\"5771\">Schnelle und effektive Fortschritte, die auf Ihr Niveau zugeschnitten sind<\/li>\n<\/ul>\n<p data-start=\"5773\" data-end=\"6006\">W\u00e4hrend der zus\u00e4tzlichen Lerneinheiten arbeiten Sie unter Aufsicht des Lehrers selbstst\u00e4ndig an den Ihnen zugewiesenen Materialien. Sie sind zwar nicht wie ein Privatunterricht strukturiert, aber der Lehrer steht Ihnen jederzeit mit Fragen und Feedback zur Seite. <\/p>\n<p data-start=\"3036\" data-end=\"3310\">   <div class=\"pricing-section\" id=\"pricing-section-main\">\n        <div class=\"pricing-content\">\n                            <h2>Preise<\/h2>\n<ul>\n<h3>Bildungsurlaub in Palma de Mallorca<\/h3>\n<div class=\"indented\">\n<li><strong>1 Woche:<\/strong> 345\u20ac<\/li>\n<\/div>\n<div class=\"indented\">\n<li><strong>2 Woche:<\/strong> 670\u20ac<\/li>\n<\/div>\n<\/ul>\n<p>Wenn diese Pakete nicht ganz Deinen Bed\u00fcrfnissen entsprechen oder Du mehr Details haben m\u00f6chtest, bevor Du eine Entscheidung triffst, kannst Du Dich gerne an uns wenden: <\/p>\n<div class=\"btn-grpp\">\n<a class=\"btn-11\" href=\"\/contact\/\"><br \/>\n            <button>Kontakt<\/button><br \/>\n      <\/a><br \/>\n<a class=\"btn-22\" href=\"\/cost-calculator\"><br \/>\n        <button> Angebot <\/button>\n<\/div>\n                   <\/div>\n       <div class=\"pricing-image\">\n                            <img fetchpriority=\"high\" decoding=\"async\" src=\"https:\/\/maxxinstitutes.com\/wp-content\/uploads\/2024\/09\/Product-image-1.png\" alt=\"Custom Product Image\" width=\"400\" height=\"400\" title=\"\">\n                 <\/div>\n\t   \n  <\/div>\n<style>\nbody {\nfont-family: Arial, sans-serif;\nmargin: 0;\npadding: 0;\nbackground-color: #f4f4f4;\n}\n\n.pricing-section {\n    display: flex;\n    align-items: center;\n    justify-content: center;\n    padding: 30px;\n    background: linear-gradient(135deg, #1c1e64, #5b6db8);\n    color: white;\n}\n\n.pricing-content {\nflex: 1;\npadding: 20px;\nmax-width: 50%;\n}\n\n.pricing-content h2 {\nfont-size: 36px;\nmargin-bottom: 20px;\n}\n\n.pricing-content ul {\nlist-style: none;\npadding: 0;\n}\n\n.pricing-content li {\nfont-size: 14px;\nmargin-bottom: 10px;\n}\n\n.pricing-content a {\ncolor: #96c8ff;\ntext-decoration: none;\n}\n\n.pricing-content a:hover {\ntext-decoration: underline;\n}\n\n.pricing-image {\nflex: 1;\nmax-width: 50%;\ndisplay: flex;\njustify-content: center;\nalign-items: center;\npadding: 20px;\n}\n\n.pricing-image img {\nmax-width: 100%;\nborder-radius: 10px;\n}\n\n\/* Responsive Design *\/\n@media (max-width: 768px) {\n.pricing-section {\nflex-direction: column;\ntext-align: center;\t\n}\n.pricing-content {\n    justify-items: center;\n}\n.pricing-content, .pricing-image {\nmax-width: 100%;\n}\n}\n#pricing-section-main .pricing-content h2 {\n    color: #ffffff;\n    font-size: 27px;\n}\n\n#pricing-section-main .pricing-content h3 {\n    color: #ffffff;\n    font-size: 17px;\n}\n\n.indented {\n    margin-left: 26px;\n}\n\n.pricing-content ul {\n    list-style: disc;\n}\n.pricing-content li {\n    text-align: left;\n    margin-bottom: 13px;\n}\n#pricing-section-main .pricing-content p {\n    font-size: 12px;\n}\n@media and (max-width: 768px){\ndiv#pricing-section-main {\n    padding: 20px;\n}\n}\ndiv#pricing-section-main {\n   margin-bottom: 20px;\n}\n\t.pricing-content h3 {\n    text-align: left!important;\n}\n\/* \t17-02-25 *\/\n\t.btn-grpp {\n    display: flex;\n}\na.btn-22 {\n    margin-left: 12px;\n}\n.pricing-image {\n    max-width: fit-content;\n}\n\t.btn-grpp button {\n    color: #020c1a;\n    border-radius: 3px;\n}\n<\/style>\n    <\/p>\n","protected":false},"excerpt":{"rendered":"<ul data-start=\"143\" data-end=\"348\">\n<li class=\"\" data-start=\"143\" data-end=\"213\">\n<p class=\"\" data-start=\"145\" data-end=\"213\"><strong data-start=\"145\" data-end=\"168\">30 Unterrichtsstunden pro Woche<\/strong> &#8211; offiziell anerkannt f\u00fcr Bildungsurlaub<\/p>\n<\/li>\n<li class=\"\" data-start=\"214\" data-end=\"277\">\n<p class=\"\" data-start=\"216\" data-end=\"277\"><strong data-start=\"216\" data-end=\"255\">Kleine Gruppen &amp; erfahrene Lehrer<\/strong> &#8211; f\u00fcr schnelle Fortschritte<\/p>\n<\/li>\n<li class=\"\" data-start=\"278\" data-end=\"348\">\n<p class=\"\" data-start=\"280\" data-end=\"348\"><strong data-start=\"280\" data-end=\"309\">Zentrale Lage in Ibiza-Stadt <\/strong>&#8211; Sprachkurs mit Urlaubsflair<\/p>\n<\/li>\n<\/ul>\n","protected":false},"featured_media":23295,"comment_status":"closed","ping_status":"closed","template":"","meta":[],"product_brand":[],"product_cat":[406,279],"product_tag":[],"class_list":{"0":"post-15682","1":"product","2":"type-product","3":"status-publish","4":"has-post-thumbnail","6":"product_cat-beliebtes-mallorca","7":"product_cat-mallorca-de","9":"first","10":"instock","11":"shipping-taxable","12":"purchasable","13":"product-type-variable","14":"has-default-attributes"},"_links":{"self":[{"href":"https:\/\/maxxinstitutes.com\/de\/wp-json\/wp\/v2\/product\/15682","targetHints":{"allow":["GET"]}}],"collection":[{"href":"https:\/\/maxxinstitutes.com\/de\/wp-json\/wp\/v2\/product"}],"about":[{"href":"https:\/\/maxxinstitutes.com\/de\/wp-json\/wp\/v2\/types\/product"}],"replies":[{"embeddable":true,"href":"https:\/\/maxxinstitutes.com\/de\/wp-json\/wp\/v2\/comments?post=15682"}],"wp:featuredmedia":[{"embeddable":true,"href":"https:\/\/maxxinstitutes.com\/de\/wp-json\/wp\/v2\/media\/23295"}],"wp:attachment":[{"href":"https:\/\/maxxinstitutes.com\/de\/wp-json\/wp\/v2\/media?parent=15682"}],"wp:term":[{"taxonomy":"product_brand","embeddable":true,"href":"https:\/\/maxxinstitutes.com\/de\/wp-json\/wp\/v2\/product_brand?post=15682"},{"taxonomy":"product_cat","embeddable":true,"href":"https:\/\/maxxinstitutes.com\/de\/wp-json\/wp\/v2\/product_cat?post=15682"},{"taxonomy":"product_tag","embeddable":true,"href":"https:\/\/maxxinstitutes.com\/de\/wp-json\/wp\/v2\/product_tag?post=15682"}],"curies":[{"name":"wp","href":"https:\/\/api.w.org\/{rel}","templated":true}]}}