{"id":15637,"date":"2024-09-18T10:37:40","date_gmt":"2024-09-18T10:37:40","guid":{"rendered":"http:\/\/maxxinstitutes.com\/product\/privatunterricht-spanisch\/"},"modified":"2026-01-07T17:57:31","modified_gmt":"2026-01-07T17:57:31","slug":"privatunterricht-spanisch","status":"publish","type":"product","link":"https:\/\/maxxinstitutes.com\/de\/produkt\/privatunterricht-spanisch\/","title":{"rendered":"Privatunterricht Spanisch in Palma de Mallorca"},"content":{"rendered":"<h2 data-start=\"130\" data-end=\"172\"><strong data-start=\"134\" data-end=\"172\">Privatunterricht Spanisch &#8211; Mallorca<\/strong><\/h2>\n<h3 data-start=\"3036\" data-end=\"3310\"><strong data-start=\"179\" data-end=\"196\">Warum Mallorca?<\/strong><\/h3>\n<p data-start=\"3036\" data-end=\"3310\">Mallorca ist die perfekte Kulisse f\u00fcr privaten Spanischunterricht und bietet ein Gleichgewicht zwischen Ruhe und lebendiger mediterraner Kultur. Egal, ob Sie in der Stadt, in K\u00fcstenn\u00e4he oder auf dem Land wohnen, Sie werden eine atemberaubende nat\u00fcrliche Umgebung, historischen Charme und einen entspannten Lebensstil genie\u00dfen, der konzentriertes Lernen f\u00f6rdert. Profitieren Sie von der Atmosph\u00e4re der Insel und verbessern Sie gleichzeitig Ihre Spanischkenntnisse.  <\/p>\n<h3 data-start=\"3036\" data-end=\"3310\"><strong data-start=\"613\" data-end=\"632\">Kursdetails:<\/strong><\/h3>\n<ul>\n<li data-start=\"3036\" data-end=\"3310\"><strong data-start=\"635\" data-end=\"656\">Lektionen pro Woche:<\/strong> Flexibel &#8211; Sie w\u00e4hlen, wie viele<\/li>\n<li data-start=\"3036\" data-end=\"3310\"><strong data-start=\"690\" data-end=\"709\">Inhalt des Kurses:<\/strong> Vollst\u00e4ndig personalisierter Spanischunterricht, angepasst an Ihr Niveau und Ihre Lernziele<\/li>\n<li data-start=\"3036\" data-end=\"3310\"><strong data-start=\"788\" data-end=\"807\">Angebotene Niveaus:<\/strong> A1 bis C2<\/li>\n<li data-start=\"3036\" data-end=\"3310\"><strong data-start=\"819\" data-end=\"832\">Lehrkr\u00e4fte:<\/strong> Erfahrene muttersprachliche Lehrer mit Universit\u00e4tsabschluss<\/li>\n<li data-start=\"3036\" data-end=\"3310\"><strong data-start=\"896\" data-end=\"913\">Kursformat:<\/strong><br data-start=\"913\" data-end=\"916\">&#8211; Einzelunterricht (oder zwei Sch\u00fcler zum gleichen Preis)<br data-start=\"973\" data-end=\"976\">&#8211; Kleine private Gruppe m\u00f6glich (3-4 Sch\u00fcler)<\/li>\n<li data-start=\"3036\" data-end=\"3310\"><strong data-start=\"1024\" data-end=\"1037\">Zeitplan:<\/strong> Flexibel &#8211; Montag bis Freitag, zwischen 09:00 und 20:00<\/li>\n<li data-start=\"3036\" data-end=\"3310\"><strong data-start=\"1093\" data-end=\"1109\">Alter der Sch\u00fcler:<\/strong> Mindestens 16 Jahre<\/li>\n<li data-start=\"3036\" data-end=\"3310\"><strong data-start=\"1129\" data-end=\"1153\">Verf\u00fcgbarkeit der Kurse:<\/strong> Ganzj\u00e4hrig<\/li>\n<li data-start=\"3036\" data-end=\"3310\"><strong data-start=\"1167\" data-end=\"1180\">Dauer:<\/strong> Von einer einzigen Unterrichtsstunde bis zu mehreren Wochen<\/li>\n<li data-start=\"3036\" data-end=\"3310\"><strong data-start=\"1222\" data-end=\"1240\">Dauer der Lektion:<\/strong> 50 Minuten pro Lektion<\/li>\n<li data-start=\"3036\" data-end=\"3310\"><strong data-start=\"1265\" data-end=\"1281\">Startdaten:<\/strong> Jeden Tag, ganzj\u00e4hrig<\/li>\n<li data-start=\"3036\" data-end=\"3310\"><strong data-start=\"1308\" data-end=\"1327\">Ort des Unterrichts:<\/strong> In der Schule, online oder eventuell andere Orte auf Anfrage<\/li>\n<\/ul>\n<h3><strong data-start=\"1398\" data-end=\"1418\">Was enthalten ist:<\/strong><\/h3>\n<ul>\n<li>Ma\u00dfgeschneiderter Unterrichtsplan auf der Grundlage Ihrer Bed\u00fcrfnisse<\/li>\n<li>Engagierter Privatlehrer<\/li>\n<li>Gleicher Preis f\u00fcr 1 oder 2 Sch\u00fcler (Sie bringen die zweite Person mit)<\/li>\n<li>Option zur Erstellung einer privaten Gruppe (3-4 Personen)<\/li>\n<li>Kurszertifikat (auf Anfrage)<\/li>\n<li>Optionaler Einstufungstest<\/li>\n<li>M\u00f6glichkeit zur Kombination mit Gruppenunterricht<\/li>\n<\/ul>\n<h3><strong data-start=\"1727\" data-end=\"1770\">Warum sollten Sie sich f\u00fcr Privatunterricht auf Mallorca entscheiden?<\/strong><\/h3>\n<ul>\n<li>Maximale Flexibilit\u00e4t bei Zeit und Inhalt<\/li>\n<li>Kosteng\u00fcnstig, wenn Sie es mit einem Partner oder Freund teilen<\/li>\n<li>Ideal f\u00fcr intensives Lernen, spezifische Ziele oder die Kombination mit anderen Kursen<\/li>\n<li>Eine wundersch\u00f6ne Inselumgebung, die Ihre Lernerfahrung verbessert   <div class=\"pricing-section\" id=\"pricing-section-main\">\n        <div class=\"pricing-content\">\n                            <h2>Preise<\/h2>\n<ul>\n<h3>Der Preis ist derselbe f\u00fcr 1 Teilnehmer oder 2 Teilnehmer gemeinsam mit 1 Lehrer<\/h3>\n<div class=\"indented\">\n<li><strong>Paket mit 20 Unterrichtseinheiten:<\/strong> 29\u20ac pro Einheit<\/li>\n<\/div>\n<div class=\"indented\">\n<li><strong>Paket mit 15 Unterrichtseinheiten:<\/strong> 33\u20ac pro Einheit<\/li>\n<\/div>\n<div class=\"indented\">\n<li><strong>Paket mit 10 Unterrichtseinheiten:<\/strong> 31\u20ac pro Einheit<\/li>\n<\/div>\n<div class=\"indented\">\n<li><strong>Paket mit 5 Unterrichtseinheiten:<\/strong> 33\u20ac pro Einheit<\/li>\n<\/div>\n<div class=\"indented\">\n<li><strong>1 Unterrichtseinheit:<\/strong> 34\u20ac<\/li>\n<\/div>\n<\/ul>\n<p>Wenn diese Pakete nicht ganz Ihren Bed\u00fcrfnissen entsprechen oder Sie vor Ihrer Entscheidung mehr Informationen w\u00fcnschen, k\u00f6nnen Sie gerne:<\/p>\n<div class=\"btn-grpp\">\n  <a class=\"btn-11\" href=\"\/de\/kontakt\/\"><br \/>\n    <button>Kontaktieren Sie uns<\/button><br \/>\n  <\/a><br \/>\n  <a class=\"btn-22\" href=\"\/de\/kosten-rechner\/\"><br \/>\n    <button>Ein Angebot anfordern<\/button><br \/>\n  <\/a>\n<\/div>\n                   <\/div>\n       <div class=\"pricing-image\">\n                            <img fetchpriority=\"high\" decoding=\"async\" src=\"https:\/\/maxxinstitutes.com\/wp-content\/uploads\/2024\/09\/Private-Spanish-lessons_.jpg\" alt=\"Custom Product Image\" width=\"400\" height=\"400\" title=\"\">\n                 <\/div>\n\t   \n  <\/div>\n<style>\nbody {\nfont-family: Arial, sans-serif;\nmargin: 0;\npadding: 0;\nbackground-color: #f4f4f4;\n}\n\n.pricing-section {\n    display: flex;\n    align-items: center;\n    justify-content: center;\n    padding: 30px;\n    background: linear-gradient(135deg, #1c1e64, #5b6db8);\n    color: white;\n}\n\n.pricing-content {\nflex: 1;\npadding: 20px;\nmax-width: 50%;\n}\n\n.pricing-content h2 {\nfont-size: 36px;\nmargin-bottom: 20px;\n}\n\n.pricing-content ul {\nlist-style: none;\npadding: 0;\n}\n\n.pricing-content li {\nfont-size: 14px;\nmargin-bottom: 10px;\n}\n\n.pricing-content a {\ncolor: #96c8ff;\ntext-decoration: none;\n}\n\n.pricing-content a:hover {\ntext-decoration: underline;\n}\n\n.pricing-image {\nflex: 1;\nmax-width: 50%;\ndisplay: flex;\njustify-content: center;\nalign-items: center;\npadding: 20px;\n}\n\n.pricing-image img {\nmax-width: 100%;\nborder-radius: 10px;\n}\n\n\/* Responsive Design *\/\n@media (max-width: 768px) {\n.pricing-section {\nflex-direction: column;\ntext-align: center;\t\n}\n.pricing-content {\n    justify-items: center;\n}\n.pricing-content, .pricing-image {\nmax-width: 100%;\n}\n}\n#pricing-section-main .pricing-content h2 {\n    color: #ffffff;\n    font-size: 27px;\n}\n\n#pricing-section-main .pricing-content h3 {\n    color: #ffffff;\n    font-size: 17px;\n}\n\n.indented {\n    margin-left: 26px;\n}\n\n.pricing-content ul {\n    list-style: disc;\n}\n.pricing-content li {\n    text-align: left;\n    margin-bottom: 13px;\n}\n#pricing-section-main .pricing-content p {\n    font-size: 12px;\n}\n@media and (max-width: 768px){\ndiv#pricing-section-main {\n    padding: 20px;\n}\n}\ndiv#pricing-section-main {\n   margin-bottom: 20px;\n}\n\t.pricing-content h3 {\n    text-align: left!important;\n}\n\/* \t17-02-25 *\/\n\t.btn-grpp {\n    display: flex;\n}\na.btn-22 {\n    margin-left: 12px;\n}\n.pricing-image {\n    max-width: fit-content;\n}\n\t.btn-grpp button {\n    color: #020c1a;\n    border-radius: 3px;\n}\n<\/style>\n    <\/li>\n<\/ul>\n","protected":false},"excerpt":{"rendered":"<ul>\n<li>Das ganze Jahr \u00fcber verf\u00fcgbar<\/li>\n<li>ab <strong>31\u20ac pro Stunde<\/strong><\/li>\n<li>Gleicher Preis f\u00fcr 1 Sch\u00fcler oder 2 Sch\u00fcler (ein Lehrer)<\/li>\n<li>Pakete f\u00fcr 5, 10, 15 und 20 Lektionen erh\u00e4ltlich<\/li>\n<\/ul>\n<p>&nbsp;<\/p>\n","protected":false},"featured_media":23309,"comment_status":"closed","ping_status":"closed","template":"","meta":[],"product_brand":[],"product_cat":[279,407],"product_tag":[],"class_list":{"0":"post-15637","1":"product","2":"type-product","3":"status-publish","4":"has-post-thumbnail","6":"product_cat-mallorca-de","7":"product_cat-powerkurse-mallorca","9":"first","10":"instock","11":"shipping-taxable","12":"purchasable","13":"product-type-variable"},"_links":{"self":[{"href":"https:\/\/maxxinstitutes.com\/de\/wp-json\/wp\/v2\/product\/15637","targetHints":{"allow":["GET"]}}],"collection":[{"href":"https:\/\/maxxinstitutes.com\/de\/wp-json\/wp\/v2\/product"}],"about":[{"href":"https:\/\/maxxinstitutes.com\/de\/wp-json\/wp\/v2\/types\/product"}],"replies":[{"embeddable":true,"href":"https:\/\/maxxinstitutes.com\/de\/wp-json\/wp\/v2\/comments?post=15637"}],"wp:featuredmedia":[{"embeddable":true,"href":"https:\/\/maxxinstitutes.com\/de\/wp-json\/wp\/v2\/media\/23309"}],"wp:attachment":[{"href":"https:\/\/maxxinstitutes.com\/de\/wp-json\/wp\/v2\/media?parent=15637"}],"wp:term":[{"taxonomy":"product_brand","embeddable":true,"href":"https:\/\/maxxinstitutes.com\/de\/wp-json\/wp\/v2\/product_brand?post=15637"},{"taxonomy":"product_cat","embeddable":true,"href":"https:\/\/maxxinstitutes.com\/de\/wp-json\/wp\/v2\/product_cat?post=15637"},{"taxonomy":"product_tag","embeddable":true,"href":"https:\/\/maxxinstitutes.com\/de\/wp-json\/wp\/v2\/product_tag?post=15637"}],"curies":[{"name":"wp","href":"https:\/\/api.w.org\/{rel}","templated":true}]}}