{"id":26485,"date":"2025-12-12T20:18:17","date_gmt":"2025-12-12T20:18:17","guid":{"rendered":"https:\/\/maxxinstitutes.com\/inselhuepfer\/"},"modified":"2026-01-23T18:26:10","modified_gmt":"2026-01-23T18:26:10","slug":"inselhuepfer","status":"publish","type":"page","link":"https:\/\/maxxinstitutes.com\/de\/inselhuepfer\/","title":{"rendered":"Inselh\u00fcpfer"},"content":{"rendered":"\t\t<div data-elementor-type=\"wp-page\" data-elementor-id=\"26485\" class=\"elementor elementor-26485 elementor-26479\" data-elementor-post-type=\"page\">\n\t\t\t\t<div class=\"elementor-element elementor-element-5cde4cd e-flex e-con-boxed e-con e-parent\" data-id=\"5cde4cd\" data-element_type=\"container\" data-e-type=\"container\">\n\t\t\t\t\t<div class=\"e-con-inner\">\n\t\t\t\t<div class=\"elementor-element elementor-element-9f21fcb elementor-widget elementor-widget-heading\" data-id=\"9f21fcb\" data-element_type=\"widget\" data-e-type=\"widget\" data-widget_type=\"heading.default\">\n\t\t\t\t<div class=\"elementor-widget-container\">\n\t\t\t\t\t<h2 class=\"elementor-heading-title elementor-size-default\">Inselh\u00fcpfer-Programm<\/h2>\t\t\t\t<\/div>\n\t\t\t\t<\/div>\n\t\t\t\t\t<\/div>\n\t\t\t\t<\/div>\n\t\t<div class=\"elementor-element elementor-element-2a32a36 e-con-full e-flex e-con e-parent\" data-id=\"2a32a36\" data-element_type=\"container\" data-e-type=\"container\">\n\t\t\t\t<div class=\"elementor-element elementor-element-741f8e0 elementor-widget elementor-widget-heading\" data-id=\"741f8e0\" data-element_type=\"widget\" data-e-type=\"widget\" data-widget_type=\"heading.default\">\n\t\t\t\t<div class=\"elementor-widget-container\">\n\t\t\t\t\t<h2 class=\"elementor-heading-title elementor-size-default\">Mallorca &amp; Ibiza - Zwei Inseln. Eine spanische Erfahrung. <\/h2>\t\t\t\t<\/div>\n\t\t\t\t<\/div>\n\t\t\t\t<div class=\"elementor-element elementor-element-a38a1a5 color-scheme-inherit text-left elementor-widget elementor-widget-text-editor\" data-id=\"a38a1a5\" data-element_type=\"widget\" data-e-type=\"widget\" data-widget_type=\"text-editor.default\">\n\t\t\t\t<div class=\"elementor-widget-container\">\n\t\t\t\t\t\t\t\t\t<p data-start=\"363\" data-end=\"419\">Warum sollten Sie sich nur f\u00fcr eine Insel entscheiden, wenn Sie beide erleben k\u00f6nnen?<\/p><p data-start=\"421\" data-end=\"692\">Das <strong data-start=\"425\" data-end=\"450\">Island Hopper Programm<\/strong> von MAXX Institutes erm\u00f6glicht es Ihnen, <strong data-start=\"484\" data-end=\"533\">Spanischkurse auf Mallorca und Ibiza<\/strong> in einer nahtlosen Lernerfahrung <strong data-start=\"484\" data-end=\"533\">zu kombinieren<\/strong>.<br data-start=\"574\" data-end=\"577\">Lernen Sie Spanisch, wechseln Sie die Landschaft und entdecken Sie zwei einzigartige mediterrane Lebensstile &#8211; ohne Ihren Kurs zu unterbrechen.<\/p>\t\t\t\t\t\t\t\t<\/div>\n\t\t\t\t<\/div>\n\t\t\t\t<div class=\"elementor-element elementor-element-b9adf8d elementor-widget elementor-widget-video\" data-id=\"b9adf8d\" data-element_type=\"widget\" data-e-type=\"widget\" data-settings=\"{&quot;youtube_url&quot;:&quot;https:\\\/\\\/www.youtube.com\\\/watch?v=1UUOns6wAjU&quot;,&quot;autoplay&quot;:&quot;yes&quot;,&quot;mute&quot;:&quot;yes&quot;,&quot;loop&quot;:&quot;yes&quot;,&quot;video_type&quot;:&quot;youtube&quot;,&quot;controls&quot;:&quot;yes&quot;}\" data-widget_type=\"video.default\">\n\t\t\t\t<div class=\"elementor-widget-container\">\n\t\t\t\t\t\t\t<div class=\"elementor-wrapper elementor-open-inline\">\n\t\t\t<div class=\"elementor-video\"><\/div>\t\t<\/div>\n\t\t\t\t\t\t<\/div>\n\t\t\t\t<\/div>\n\t\t\t\t<div class=\"elementor-element elementor-element-18dc5d0 elementor-widget elementor-widget-spacer\" data-id=\"18dc5d0\" data-element_type=\"widget\" data-e-type=\"widget\" data-widget_type=\"spacer.default\">\n\t\t\t\t<div class=\"elementor-widget-container\">\n\t\t\t\t\t\t\t<div class=\"elementor-spacer\">\n\t\t\t<div class=\"elementor-spacer-inner\"><\/div>\n\t\t<\/div>\n\t\t\t\t\t\t<\/div>\n\t\t\t\t<\/div>\n\t\t\t\t<div class=\"elementor-element elementor-element-57aaabf elementor-widget elementor-widget-heading\" data-id=\"57aaabf\" data-element_type=\"widget\" data-e-type=\"widget\" data-widget_type=\"heading.default\">\n\t\t\t\t<div class=\"elementor-widget-container\">\n\t\t\t\t\t<h2 class=\"elementor-heading-title elementor-size-default\">Zwei Inseln, zwei Vibes<\/h2>\t\t\t\t<\/div>\n\t\t\t\t<\/div>\n\t\t\t\t<\/div>\n\t\t<div class=\"elementor-element elementor-element-9cf0c5d e-flex e-con-boxed e-con e-parent\" data-id=\"9cf0c5d\" data-element_type=\"container\" data-e-type=\"container\">\n\t\t\t\t\t<div class=\"e-con-inner\">\n\t\t<div class=\"elementor-element elementor-element-427cd27 e-con-full e-flex e-con e-child\" data-id=\"427cd27\" data-element_type=\"container\" data-e-type=\"container\">\n\t\t\t\t<div class=\"elementor-element elementor-element-fe78245 elementor-widget elementor-widget-heading\" data-id=\"fe78245\" data-element_type=\"widget\" data-e-type=\"widget\" data-widget_type=\"heading.default\">\n\t\t\t\t<div class=\"elementor-widget-container\">\n\t\t\t\t\t<h2 class=\"elementor-heading-title elementor-size-default\">Mallorca<\/h2>\t\t\t\t<\/div>\n\t\t\t\t<\/div>\n\t\t\t\t<div class=\"elementor-element elementor-element-471619d elementor-widget elementor-widget-image\" data-id=\"471619d\" data-element_type=\"widget\" data-e-type=\"widget\" data-widget_type=\"image.default\">\n\t\t\t\t<div class=\"elementor-widget-container\">\n\t\t\t\t\t\t\t\t\t\t\t\t\t\t\t<img fetchpriority=\"high\" decoding=\"async\" width=\"1024\" height=\"450\" src=\"https:\/\/maxxinstitutes.com\/wp-content\/uploads\/2025\/12\/2-1024x450.png\" class=\"attachment-large size-large wp-image-26509\" alt=\"\" srcset=\"https:\/\/maxxinstitutes.com\/wp-content\/uploads\/2025\/12\/2-1024x450.png 1024w, https:\/\/maxxinstitutes.com\/wp-content\/uploads\/2025\/12\/2-300x132.png 300w, https:\/\/maxxinstitutes.com\/wp-content\/uploads\/2025\/12\/2-768x337.png 768w, https:\/\/maxxinstitutes.com\/wp-content\/uploads\/2025\/12\/2-1536x674.png 1536w, https:\/\/maxxinstitutes.com\/wp-content\/uploads\/2025\/12\/2-2048x899.png 2048w, https:\/\/maxxinstitutes.com\/wp-content\/uploads\/2025\/12\/2-600x263.png 600w, https:\/\/maxxinstitutes.com\/wp-content\/uploads\/2025\/12\/2-150x66.png 150w\" sizes=\"(max-width: 1024px) 100vw, 1024px\" title=\"\">\t\t\t\t\t\t\t\t\t\t\t\t\t\t\t<\/div>\n\t\t\t\t<\/div>\n\t\t\t\t<div class=\"elementor-element elementor-element-2824b34 color-scheme-inherit text-left elementor-widget elementor-widget-text-editor\" data-id=\"2824b34\" data-element_type=\"widget\" data-e-type=\"widget\" data-widget_type=\"text-editor.default\">\n\t\t\t\t<div class=\"elementor-widget-container\">\n\t\t\t\t\t\t\t\t\t<p>Mallorca bietet ein pulsierendes Stadtleben, Geschichte, Kultur und lange Sandstr\u00e4nde.<br data-start=\"823\" data-end=\"826\">In Palma erwartet Sie eine dynamische mediterrane Atmosph\u00e4re mit Caf\u00e9s, M\u00e4rkten, Architektur und einer internationalen Studentengemeinschaft.<\/p>\t\t\t\t\t\t\t\t<\/div>\n\t\t\t\t<\/div>\n\t\t\t\t<\/div>\n\t\t<div class=\"elementor-element elementor-element-790b114 e-con-full e-flex e-con e-child\" data-id=\"790b114\" data-element_type=\"container\" data-e-type=\"container\">\n\t\t\t\t<div class=\"elementor-element elementor-element-602d2fb elementor-widget elementor-widget-heading\" data-id=\"602d2fb\" data-element_type=\"widget\" data-e-type=\"widget\" data-widget_type=\"heading.default\">\n\t\t\t\t<div class=\"elementor-widget-container\">\n\t\t\t\t\t<h2 class=\"elementor-heading-title elementor-size-default\">Ibiza<\/h2>\t\t\t\t<\/div>\n\t\t\t\t<\/div>\n\t\t\t\t<div class=\"elementor-element elementor-element-56954c0 elementor-widget elementor-widget-image\" data-id=\"56954c0\" data-element_type=\"widget\" data-e-type=\"widget\" data-widget_type=\"image.default\">\n\t\t\t\t<div class=\"elementor-widget-container\">\n\t\t\t\t\t\t\t\t\t\t\t\t\t\t\t<img decoding=\"async\" width=\"1024\" height=\"450\" src=\"https:\/\/maxxinstitutes.com\/wp-content\/uploads\/2025\/12\/1-1024x450.png\" class=\"attachment-large size-large wp-image-26516\" alt=\"\" srcset=\"https:\/\/maxxinstitutes.com\/wp-content\/uploads\/2025\/12\/1-1024x450.png 1024w, https:\/\/maxxinstitutes.com\/wp-content\/uploads\/2025\/12\/1-300x132.png 300w, https:\/\/maxxinstitutes.com\/wp-content\/uploads\/2025\/12\/1-768x337.png 768w, https:\/\/maxxinstitutes.com\/wp-content\/uploads\/2025\/12\/1-1536x674.png 1536w, https:\/\/maxxinstitutes.com\/wp-content\/uploads\/2025\/12\/1-2048x899.png 2048w, https:\/\/maxxinstitutes.com\/wp-content\/uploads\/2025\/12\/1-600x263.png 600w, https:\/\/maxxinstitutes.com\/wp-content\/uploads\/2025\/12\/1-150x66.png 150w\" sizes=\"(max-width: 1024px) 100vw, 1024px\" title=\"\">\t\t\t\t\t\t\t\t\t\t\t\t\t\t\t<\/div>\n\t\t\t\t<\/div>\n\t\t\t\t<div class=\"elementor-element elementor-element-cdf8d69 color-scheme-inherit text-left elementor-widget elementor-widget-text-editor\" data-id=\"cdf8d69\" data-element_type=\"widget\" data-e-type=\"widget\" data-widget_type=\"text-editor.default\">\n\t\t\t\t<div class=\"elementor-widget-container\">\n\t\t\t\t\t\t\t\t\t<p data-start=\"975\" data-end=\"1183\">Ibiza ist ruhig, authentisch und inspirierend. Abgesehen von ihrem ber\u00fchmten Ruf ist die Insel bekannt f\u00fcr die Natur, das lokale Leben, kleine Str\u00e4nde und einen langsameren Rhythmus &#8211; perfekt f\u00fcr konzentriertes Lernen und sinnvolle Erfahrungen. <\/p>\t\t\t\t\t\t\t\t<\/div>\n\t\t\t\t<\/div>\n\t\t\t\t<\/div>\n\t\t\t\t\t<\/div>\n\t\t\t\t<\/div>\n\t\t<div class=\"elementor-element elementor-element-b820502 e-flex e-con-boxed e-con e-parent\" data-id=\"b820502\" data-element_type=\"container\" data-e-type=\"container\">\n\t\t\t\t\t<div class=\"e-con-inner\">\n\t\t\t\t<div class=\"elementor-element elementor-element-041e7ff elementor-widget elementor-widget-spacer\" data-id=\"041e7ff\" data-element_type=\"widget\" data-e-type=\"widget\" data-widget_type=\"spacer.default\">\n\t\t\t\t<div class=\"elementor-widget-container\">\n\t\t\t\t\t\t\t<div class=\"elementor-spacer\">\n\t\t\t<div class=\"elementor-spacer-inner\"><\/div>\n\t\t<\/div>\n\t\t\t\t\t\t<\/div>\n\t\t\t\t<\/div>\n\t\t\t\t\t<\/div>\n\t\t\t\t<\/div>\n\t\t<div class=\"elementor-element elementor-element-0a782e5 e-flex e-con-boxed e-con e-parent\" data-id=\"0a782e5\" data-element_type=\"container\" data-e-type=\"container\">\n\t\t\t\t\t<div class=\"e-con-inner\">\n\t\t\t\t<div class=\"elementor-element elementor-element-04aae9f elementor-widget elementor-widget-heading\" data-id=\"04aae9f\" data-element_type=\"widget\" data-e-type=\"widget\" data-widget_type=\"heading.default\">\n\t\t\t\t<div class=\"elementor-widget-container\">\n\t\t\t\t\t<h2 class=\"elementor-heading-title elementor-size-default\">Mit dem Island Hopper Programm m\u00fcssen Sie sich nicht entscheiden.<\/h2>\t\t\t\t<\/div>\n\t\t\t\t<\/div>\n\t\t\t\t\t<\/div>\n\t\t\t\t<\/div>\n\t\t<div class=\"elementor-element elementor-element-ace3a57 e-flex e-con-boxed e-con e-parent\" data-id=\"ace3a57\" data-element_type=\"container\" data-e-type=\"container\">\n\t\t\t\t\t<div class=\"e-con-inner\">\n\t\t\t\t<div class=\"elementor-element elementor-element-0e42759 elementor-widget elementor-widget-spacer\" data-id=\"0e42759\" data-element_type=\"widget\" data-e-type=\"widget\" data-widget_type=\"spacer.default\">\n\t\t\t\t<div class=\"elementor-widget-container\">\n\t\t\t\t\t\t\t<div class=\"elementor-spacer\">\n\t\t\t<div class=\"elementor-spacer-inner\"><\/div>\n\t\t<\/div>\n\t\t\t\t\t\t<\/div>\n\t\t\t\t<\/div>\n\t\t\t\t\t<\/div>\n\t\t\t\t<\/div>\n\t\t<div class=\"elementor-element elementor-element-248426b e-flex e-con-boxed e-con e-parent\" data-id=\"248426b\" data-element_type=\"container\" data-e-type=\"container\">\n\t\t\t\t\t<div class=\"e-con-inner\">\n\t\t<div class=\"elementor-element elementor-element-a69f61c e-con-full e-flex e-con e-child\" data-id=\"a69f61c\" data-element_type=\"container\" data-e-type=\"container\">\n\t\t\t\t<div class=\"elementor-element elementor-element-c2f2742 color-scheme-inherit text-left elementor-widget elementor-widget-text-editor\" data-id=\"c2f2742\" data-element_type=\"widget\" data-e-type=\"widget\" data-widget_type=\"text-editor.default\">\n\t\t\t\t<div class=\"elementor-widget-container\">\n\t\t\t\t\t\t\t\t\t<h3 data-start=\"1346\" data-end=\"1370\">Was gleich bleibt:<\/h3><ul data-start=\"1371\" data-end=\"1490\"><li data-start=\"1371\" data-end=\"1406\"><p data-start=\"1373\" data-end=\"1406\">Ihr Spanischniveau und Ihre Fortschritte<\/p><\/li><li data-start=\"1407\" data-end=\"1431\"><p data-start=\"1409\" data-end=\"1431\">Lehrmethodik<\/p><\/li><li data-start=\"1432\" data-end=\"1452\"><p data-start=\"1434\" data-end=\"1452\">Kursmaterialien<\/p><\/li><li data-start=\"1453\" data-end=\"1490\"><p data-start=\"1455\" data-end=\"1490\">Akademische Koordination und Unterst\u00fctzung<\/p><\/li><\/ul><p data-start=\"1492\" data-end=\"1543\">Sie wechseln lediglich die Inseln &#8211; nicht Ihren Lernfluss.<\/p>\t\t\t\t\t\t\t\t<\/div>\n\t\t\t\t<\/div>\n\t\t\t\t<div class=\"elementor-element elementor-element-200a2bc elementor-widget elementor-widget-image\" data-id=\"200a2bc\" data-element_type=\"widget\" data-e-type=\"widget\" data-widget_type=\"image.default\">\n\t\t\t\t<div class=\"elementor-widget-container\">\n\t\t\t\t\t\t\t\t\t\t\t\t\t\t\t<img decoding=\"async\" width=\"1024\" height=\"1024\" src=\"https:\/\/maxxinstitutes.com\/wp-content\/uploads\/2025\/12\/1-1-1024x1024.png\" class=\"attachment-large size-large wp-image-26549\" alt=\"\" srcset=\"https:\/\/maxxinstitutes.com\/wp-content\/uploads\/2025\/12\/1-1-1024x1024.png 1024w, https:\/\/maxxinstitutes.com\/wp-content\/uploads\/2025\/12\/1-1-300x300.png 300w, https:\/\/maxxinstitutes.com\/wp-content\/uploads\/2025\/12\/1-1-150x150.png 150w, https:\/\/maxxinstitutes.com\/wp-content\/uploads\/2025\/12\/1-1-768x768.png 768w, https:\/\/maxxinstitutes.com\/wp-content\/uploads\/2025\/12\/1-1-600x600.png 600w, https:\/\/maxxinstitutes.com\/wp-content\/uploads\/2025\/12\/1-1.png 1080w\" sizes=\"(max-width: 1024px) 100vw, 1024px\" title=\"\">\t\t\t\t\t\t\t\t\t\t\t\t\t\t\t<\/div>\n\t\t\t\t<\/div>\n\t\t\t\t<\/div>\n\t\t<div class=\"elementor-element elementor-element-e9eaa6d e-con-full e-flex e-con e-child\" data-id=\"e9eaa6d\" data-element_type=\"container\" data-e-type=\"container\">\n\t\t\t\t<div class=\"elementor-element elementor-element-3b1a5b5 color-scheme-inherit text-left elementor-widget elementor-widget-text-editor\" data-id=\"3b1a5b5\" data-element_type=\"widget\" data-e-type=\"widget\" data-widget_type=\"text-editor.default\">\n\t\t\t\t<div class=\"elementor-widget-container\">\n\t\t\t\t\t\t\t\t\t<h2 data-start=\"1550\" data-end=\"1571\">Was ist inbegriffen?<\/h2><ul data-start=\"1573\" data-end=\"2135\"><li data-start=\"1573\" data-end=\"1661\"><p data-start=\"1575\" data-end=\"1661\"><strong data-start=\"1575\" data-end=\"1603\">Spanisch-Intensivkurs<\/strong><br data-start=\"1603\" data-end=\"1606\">20 Unterrichtsstunden pro Woche in Palma de Mallorca und\/oder Ibiza<\/p><\/li><li data-start=\"1663\" data-end=\"1766\"><p data-start=\"1665\" data-end=\"1766\"><strong data-start=\"1665\" data-end=\"1696\">Flexible Inselkombination<\/strong><br data-start=\"1696\" data-end=\"1699\">Beginnen Sie auf Mallorca und setzen Sie Ihre Reise auf Ibiza fort &#8211; oder andersherum<\/p><\/li><li data-start=\"1768\" data-end=\"1863\"><p data-start=\"1770\" data-end=\"1863\"><strong data-start=\"1770\" data-end=\"1805\">Willkommensaktivit\u00e4t auf jeder Insel<\/strong><br data-start=\"1805\" data-end=\"1808\">Lernen Sie Ihre neue Umgebung und Ihre Mitsch\u00fcler kennen<\/p><\/li><li data-start=\"1865\" data-end=\"1927\"><p data-start=\"1867\" data-end=\"1927\"><strong data-start=\"1867\" data-end=\"1889\">Kurszertifikat<\/strong><br data-start=\"1889\" data-end=\"1892\">Wird am Ende Ihres Programms ausgestellt<\/p><\/li><li data-start=\"1929\" data-end=\"2040\"><p data-start=\"1931\" data-end=\"2040\"><strong data-start=\"1931\" data-end=\"1951\">Pers\u00f6nliche Betreuung<\/strong><br data-start=\"1951\" data-end=\"1954\">Unser Team koordiniert Ihren Inselwechsel und unterst\u00fctzt Sie vor und w\u00e4hrend Ihres Aufenthalts<\/p><\/li><li data-start=\"2042\" data-end=\"2135\"><p data-start=\"2044\" data-end=\"2135\"><strong data-start=\"2044\" data-end=\"2069\">Unterkunftsoptionen<\/strong><br data-start=\"2069\" data-end=\"2072\">Buchen Sie eine Unterkunft \u00fcber MAXX Institutes oder w\u00e4hlen Sie Ihre eigene<\/p><\/li><\/ul>\t\t\t\t\t\t\t\t<\/div>\n\t\t\t\t<\/div>\n\t\t\t\t<\/div>\n\t\t\t\t\t<\/div>\n\t\t\t\t<\/div>\n\t\t<div class=\"elementor-element elementor-element-4b6dc27 e-flex e-con-boxed e-con e-parent\" data-id=\"4b6dc27\" data-element_type=\"container\" data-e-type=\"container\">\n\t\t\t\t\t<div class=\"e-con-inner\">\n\t\t\t\t<div class=\"elementor-element elementor-element-64042a8 elementor-widget elementor-widget-spacer\" data-id=\"64042a8\" data-element_type=\"widget\" data-e-type=\"widget\" data-widget_type=\"spacer.default\">\n\t\t\t\t<div class=\"elementor-widget-container\">\n\t\t\t\t\t\t\t<div class=\"elementor-spacer\">\n\t\t\t<div class=\"elementor-spacer-inner\"><\/div>\n\t\t<\/div>\n\t\t\t\t\t\t<\/div>\n\t\t\t\t<\/div>\n\t\t\t\t\t<\/div>\n\t\t\t\t<\/div>\n\t\t<div class=\"elementor-element elementor-element-a505d58 e-con-full e-flex e-con e-parent\" data-id=\"a505d58\" data-element_type=\"container\" data-e-type=\"container\" data-settings=\"{&quot;background_background&quot;:&quot;classic&quot;}\">\n\t\t\t\t<div class=\"elementor-element elementor-element-2fa11fa elementor-widget elementor-widget-heading\" data-id=\"2fa11fa\" data-element_type=\"widget\" data-e-type=\"widget\" data-widget_type=\"heading.default\">\n\t\t\t\t<div class=\"elementor-widget-container\">\n\t\t\t\t\t<h2 class=\"elementor-heading-title elementor-size-default\">Reisegutschein inbegriffen: 47 \u20ac f\u00fcr Ihren Inseltransfer<\/h2>\t\t\t\t<\/div>\n\t\t\t\t<\/div>\n\t\t\t\t<div class=\"elementor-element elementor-element-6e69b30 color-scheme-inherit text-left elementor-widget elementor-widget-text-editor\" data-id=\"6e69b30\" data-element_type=\"widget\" data-e-type=\"widget\" data-widget_type=\"text-editor.default\">\n\t\t\t\t<div class=\"elementor-widget-container\">\n\t\t\t\t\t\t\t\t\t<p data-start=\"2202\" data-end=\"2325\">Um Ihren Inselwechsel noch einfacher zu gestalten, erhalten Studenten, die sich f\u00fcr das <strong data-start=\"2266\" data-end=\"2291\">Island Hopper Programm<\/strong> entscheiden, einen <strong data-start=\"2302\" data-end=\"2324\">Reisegutschein im Wert von 47 \u20ac<\/strong>.<\/p><h3 data-start=\"2327\" data-end=\"2344\">Wie es funktioniert:<\/h3><ul data-start=\"2345\" data-end=\"2543\"><li data-start=\"2345\" data-end=\"2405\"><p data-start=\"2347\" data-end=\"2405\">G\u00fcltig f\u00fcr die <strong data-start=\"2357\" data-end=\"2376\">F\u00e4hre oder den Flug<\/strong> zwischen Mallorca und Ibiza<\/p><\/li><li data-start=\"2406\" data-end=\"2447\"><p data-start=\"2408\" data-end=\"2447\">Sie entscheiden, <strong data-start=\"2419\" data-end=\"2435\">wie und wann<\/strong> Sie reisen<\/p><\/li><li data-start=\"2448\" data-end=\"2489\"><p data-start=\"2450\" data-end=\"2489\">Wir unterst\u00fctzen Sie bei Bedarf bei der Buchung<\/p><\/li><li data-start=\"2490\" data-end=\"2543\"><p data-start=\"2492\" data-end=\"2543\">Der Gutschein deckt einen Teil Ihrer Reisekosten<\/p><\/li><\/ul><p data-start=\"2545\" data-end=\"2604\"><strong data-start=\"2545\" data-end=\"2604\">Sie reisen unabh\u00e4ngig &#8211; aber nicht auf eigene Kosten.<\/strong><\/p>\t\t\t\t\t\t\t\t<\/div>\n\t\t\t\t<\/div>\n\t\t\t\t<\/div>\n\t\t<div class=\"elementor-element elementor-element-5310f53 e-flex e-con-boxed e-con e-parent\" data-id=\"5310f53\" data-element_type=\"container\" data-e-type=\"container\">\n\t\t\t\t\t<div class=\"e-con-inner\">\n\t\t\t\t<div class=\"elementor-element elementor-element-b743931 elementor-widget elementor-widget-spacer\" data-id=\"b743931\" data-element_type=\"widget\" data-e-type=\"widget\" data-widget_type=\"spacer.default\">\n\t\t\t\t<div class=\"elementor-widget-container\">\n\t\t\t\t\t\t\t<div class=\"elementor-spacer\">\n\t\t\t<div class=\"elementor-spacer-inner\"><\/div>\n\t\t<\/div>\n\t\t\t\t\t\t<\/div>\n\t\t\t\t<\/div>\n\t\t\t\t\t<\/div>\n\t\t\t\t<\/div>\n\t\t<div class=\"elementor-element elementor-element-16dcb0f e-flex e-con-boxed e-con e-parent\" data-id=\"16dcb0f\" data-element_type=\"container\" data-e-type=\"container\">\n\t\t\t\t\t<div class=\"e-con-inner\">\n\t\t<div class=\"elementor-element elementor-element-0b314eb e-con-full e-flex e-con e-child\" data-id=\"0b314eb\" data-element_type=\"container\" data-e-type=\"container\">\n\t\t\t\t<div class=\"elementor-element elementor-element-995952f elementor-widget elementor-widget-heading\" data-id=\"995952f\" data-element_type=\"widget\" data-e-type=\"widget\" data-widget_type=\"heading.default\">\n\t\t\t\t<div class=\"elementor-widget-container\">\n\t\t\t\t\t<h2 class=\"elementor-heading-title elementor-size-default\">Warum sollten Sie sich f\u00fcr das Inselh\u00fcpfer-Programm entscheiden?<\/h2>\t\t\t\t<\/div>\n\t\t\t\t<\/div>\n\t\t\t\t<div class=\"elementor-element elementor-element-4b8baca color-scheme-inherit text-left elementor-widget elementor-widget-text-editor\" data-id=\"4b8baca\" data-element_type=\"widget\" data-e-type=\"widget\" data-widget_type=\"text-editor.default\">\n\t\t\t\t<div class=\"elementor-widget-container\">\n\t\t\t\t\t\t\t\t\t<ul><li data-start=\"2658\" data-end=\"2693\">Zwei Inseln in einem Spanischkurs<\/li><li data-start=\"2658\" data-end=\"2693\">Eine Registrierung, ein akademisches System<\/li><li data-start=\"2658\" data-end=\"2693\">Keine Unterbrechung Ihres Lernfortschritts<\/li><li data-start=\"2658\" data-end=\"2693\">Mehr Vielfalt, mehr Inspiration<\/li><li data-start=\"2658\" data-end=\"2693\">Ein Programm, doppelt so viel Erfahrung<\/li><li style=\"list-style-type: none;\"> <\/li><\/ul>\t\t\t\t\t\t\t\t<\/div>\n\t\t\t\t<\/div>\n\t\t\t\t<\/div>\n\t\t<div class=\"elementor-element elementor-element-2c202ad e-con-full e-flex e-con e-child\" data-id=\"2c202ad\" data-element_type=\"container\" data-e-type=\"container\">\n\t\t\t\t<div class=\"elementor-element elementor-element-1dfa583 elementor-widget elementor-widget-image\" data-id=\"1dfa583\" data-element_type=\"widget\" data-e-type=\"widget\" data-widget_type=\"image.default\">\n\t\t\t\t<div class=\"elementor-widget-container\">\n\t\t\t\t\t\t\t\t\t\t\t\t\t\t\t<img loading=\"lazy\" decoding=\"async\" width=\"1080\" height=\"1080\" src=\"https:\/\/maxxinstitutes.com\/wp-content\/uploads\/2025\/12\/2-1.png\" class=\"attachment-1536x1536 size-1536x1536 wp-image-26542\" alt=\"\" srcset=\"https:\/\/maxxinstitutes.com\/wp-content\/uploads\/2025\/12\/2-1.png 1080w, https:\/\/maxxinstitutes.com\/wp-content\/uploads\/2025\/12\/2-1-300x300.png 300w, https:\/\/maxxinstitutes.com\/wp-content\/uploads\/2025\/12\/2-1-1024x1024.png 1024w, https:\/\/maxxinstitutes.com\/wp-content\/uploads\/2025\/12\/2-1-150x150.png 150w, https:\/\/maxxinstitutes.com\/wp-content\/uploads\/2025\/12\/2-1-768x768.png 768w, https:\/\/maxxinstitutes.com\/wp-content\/uploads\/2025\/12\/2-1-600x600.png 600w\" sizes=\"(max-width: 1080px) 100vw, 1080px\" title=\"\">\t\t\t\t\t\t\t\t\t\t\t\t\t\t\t<\/div>\n\t\t\t\t<\/div>\n\t\t\t\t<\/div>\n\t\t\t\t<div class=\"elementor-element elementor-element-6c7cfeb elementor-widget__width-initial color-scheme-inherit text-left elementor-widget elementor-widget-text-editor\" data-id=\"6c7cfeb\" data-element_type=\"widget\" data-e-type=\"widget\" data-widget_type=\"text-editor.default\">\n\t\t\t\t<div class=\"elementor-widget-container\">\n\t\t\t\t\t\t\t\t\t<h2 data-start=\"2959\" data-end=\"2989\">F\u00fcr wen ist dieses Programm gedacht?<\/h2><p data-start=\"2991\" data-end=\"3030\">Das Island Hopper Programm ist ideal f\u00fcr:<\/p><ul data-start=\"3031\" data-end=\"3219\"><li data-start=\"3031\" data-end=\"3075\"><p data-start=\"3033\" data-end=\"3075\">Studenten, die <strong data-start=\"3050\" data-end=\"3073\">zwei Wochen oder l\u00e4nger<\/strong> bleiben<\/p><\/li><li data-start=\"3076\" data-end=\"3121\"><p data-start=\"3078\" data-end=\"3121\">Lernende, die Abwechslung und Flexibilit\u00e4t w\u00fcnschen<\/p><\/li><li data-start=\"3122\" data-end=\"3168\"><p data-start=\"3124\" data-end=\"3168\">Reisende, die gerne Ziele kombinieren<\/p><\/li><li data-start=\"3169\" data-end=\"3219\"><p data-start=\"3171\" data-end=\"3219\">Jeder, der mehr als nur einen Standort sucht<\/p><\/li><\/ul>\t\t\t\t\t\t\t\t<\/div>\n\t\t\t\t<\/div>\n\t\t\t\t\t<\/div>\n\t\t\t\t<\/div>\n\t\t\t\t<\/div>\n\t\t","protected":false},"excerpt":{"rendered":"<p>Inselh\u00fcpfer-Programm Mallorca &amp; Ibiza &#8211; Zwei Inseln. Eine spanische Erfahrung. Warum sollten Sie sich nur f\u00fcr eine Insel entscheiden, wenn<\/p>\n","protected":false},"author":4,"featured_media":0,"parent":0,"menu_order":0,"comment_status":"closed","ping_status":"closed","template":"","meta":{"two_page_speed":[],"footnotes":""},"class_list":["post-26485","page","type-page","status-publish","hentry"],"_links":{"self":[{"href":"https:\/\/maxxinstitutes.com\/de\/wp-json\/wp\/v2\/pages\/26485","targetHints":{"allow":["GET"]}}],"collection":[{"href":"https:\/\/maxxinstitutes.com\/de\/wp-json\/wp\/v2\/pages"}],"about":[{"href":"https:\/\/maxxinstitutes.com\/de\/wp-json\/wp\/v2\/types\/page"}],"author":[{"embeddable":true,"href":"https:\/\/maxxinstitutes.com\/de\/wp-json\/wp\/v2\/users\/4"}],"replies":[{"embeddable":true,"href":"https:\/\/maxxinstitutes.com\/de\/wp-json\/wp\/v2\/comments?post=26485"}],"version-history":[{"count":3,"href":"https:\/\/maxxinstitutes.com\/de\/wp-json\/wp\/v2\/pages\/26485\/revisions"}],"predecessor-version":[{"id":27203,"href":"https:\/\/maxxinstitutes.com\/de\/wp-json\/wp\/v2\/pages\/26485\/revisions\/27203"}],"wp:attachment":[{"href":"https:\/\/maxxinstitutes.com\/de\/wp-json\/wp\/v2\/media?parent=26485"}],"curies":[{"name":"wp","href":"https:\/\/api.w.org\/{rel}","templated":true}]}}