{"id":24299,"date":"2025-05-13T21:44:55","date_gmt":"2025-05-13T21:44:55","guid":{"rendered":"https:\/\/maxxinstitutes.com\/parken-ibiza\/"},"modified":"2025-05-20T05:54:35","modified_gmt":"2025-05-20T05:54:35","slug":"parken-ibiza","status":"publish","type":"page","link":"https:\/\/maxxinstitutes.com\/de\/parken-ibiza\/","title":{"rendered":"Parken Ibiza"},"content":{"rendered":"\t\t<div data-elementor-type=\"wp-page\" data-elementor-id=\"24299\" class=\"elementor elementor-24299 elementor-23999\" data-elementor-post-type=\"page\">\n\t\t\t\t<div class=\"elementor-element elementor-element-5224358 e-flex e-con-boxed e-con e-parent\" data-id=\"5224358\" data-element_type=\"container\" data-e-type=\"container\">\n\t\t\t\t\t<div class=\"e-con-inner\">\n\t\t\t\t<div class=\"elementor-element elementor-element-444bbbd elementor-widget elementor-widget-heading\" data-id=\"444bbbd\" data-element_type=\"widget\" data-e-type=\"widget\" data-widget_type=\"heading.default\">\n\t\t\t\t<div class=\"elementor-widget-container\">\n\t\t\t\t\t<h1 class=\"elementor-heading-title elementor-size-default\">Wo Sie in der N\u00e4he des Instituto de Idiomas Ibiza parken k\u00f6nnen<\/h1>\t\t\t\t<\/div>\n\t\t\t\t<\/div>\n\t\t\t\t<div class=\"elementor-element elementor-element-3595b3f elementor-widget elementor-widget-spacer\" data-id=\"3595b3f\" data-element_type=\"widget\" data-e-type=\"widget\" data-widget_type=\"spacer.default\">\n\t\t\t\t<div class=\"elementor-widget-container\">\n\t\t\t\t\t\t\t<div class=\"elementor-spacer\">\n\t\t\t<div class=\"elementor-spacer-inner\"><\/div>\n\t\t<\/div>\n\t\t\t\t\t\t<\/div>\n\t\t\t\t<\/div>\n\t\t\t\t\t<\/div>\n\t\t\t\t<\/div>\n\t\t<div class=\"elementor-element elementor-element-cc5017e e-flex e-con-boxed e-con e-parent\" data-id=\"cc5017e\" data-element_type=\"container\" data-e-type=\"container\">\n\t\t\t\t\t<div class=\"e-con-inner\">\n\t\t<div class=\"elementor-element elementor-element-384d7a4 e-con-full e-flex e-con e-child\" data-id=\"384d7a4\" data-element_type=\"container\" data-e-type=\"container\">\n\t\t\t\t<div class=\"elementor-element elementor-element-6502d5a elementor-widget elementor-widget-heading\" data-id=\"6502d5a\" data-element_type=\"widget\" data-e-type=\"widget\" data-widget_type=\"heading.default\">\n\t\t\t\t<div class=\"elementor-widget-container\">\n\t\t\t\t\t<h2 class=\"elementor-heading-title elementor-size-default\">Parken gegen Geb\u00fchr - Parkplatz Es Pratet<\/h2>\t\t\t\t<\/div>\n\t\t\t\t<\/div>\n\t\t\t\t<div class=\"elementor-element elementor-element-9750b8d color-scheme-inherit text-left elementor-widget elementor-widget-text-editor\" data-id=\"9750b8d\" data-element_type=\"widget\" data-e-type=\"widget\" data-widget_type=\"text-editor.default\">\n\t\t\t\t<div class=\"elementor-widget-container\">\n\t\t\t\t\t\t\t\t\t<p>Wenn Sie aus Richtung San Antonio kommen, biegen Sie links ab, wenn Sie an der Schule vorbeifahren und finden den Parkplatz<br>zu Ihrer Linken am Ende der Stra\u00dfe.<\/p>\n<p>Wenn Sie aus Richtung Santa Eulalia kommen, sehen Sie den Hafen zu Ihrer Linken, wenn Sie in Ibiza-Stadt einfahren. Biegen Sie bei der Bootsvermietung Nautica Ereso direkt am Eingang von Ibiza-Stadt rechts ab. <\/p>\n<p>Es ist der gr\u00f6\u00dfte Parkplatz in Ibiza-Stadt und befindet sich direkt hinter dem Schulgeb\u00e4ude. Der Preis variiert zwischen 3\u20ac und 5\u20ac, je nach Tageszeit, Jahreszeit und ob es sich um einen Wochentag oder ein Wochenende handelt. Es ist immer ein Platz frei und in 3 Minuten sind Sie am Eingang der Schule.  <\/p>\t\t\t\t\t\t\t\t<\/div>\n\t\t\t\t<\/div>\n\t\t\t\t<\/div>\n\t\t<div class=\"elementor-element elementor-element-1c6631d e-con-full e-flex e-con e-child\" data-id=\"1c6631d\" data-element_type=\"container\" data-e-type=\"container\">\n\t\t\t\t<div class=\"elementor-element elementor-element-5cd6dc5 elementor-widget elementor-widget-image\" data-id=\"5cd6dc5\" data-element_type=\"widget\" data-e-type=\"widget\" data-widget_type=\"image.default\">\n\t\t\t\t<div class=\"elementor-widget-container\">\n\t\t\t\t\t\t\t\t\t\t\t\t\t\t\t<img fetchpriority=\"high\" decoding=\"async\" width=\"528\" height=\"207\" src=\"https:\/\/maxxinstitutes.com\/wp-content\/uploads\/2025\/05\/Screenshot-2025-05-13-at-16.50.52.png\" class=\"attachment-large size-large wp-image-24005\" alt=\"\" srcset=\"https:\/\/maxxinstitutes.com\/wp-content\/uploads\/2025\/05\/Screenshot-2025-05-13-at-16.50.52.png 528w, https:\/\/maxxinstitutes.com\/wp-content\/uploads\/2025\/05\/Screenshot-2025-05-13-at-16.50.52-300x118.png 300w, https:\/\/maxxinstitutes.com\/wp-content\/uploads\/2025\/05\/Screenshot-2025-05-13-at-16.50.52-150x59.png 150w\" sizes=\"(max-width: 528px) 100vw, 528px\" title=\"\">\t\t\t\t\t\t\t\t\t\t\t\t\t\t\t<\/div>\n\t\t\t\t<\/div>\n\t\t\t\t<\/div>\n\t\t\t\t\t<\/div>\n\t\t\t\t<\/div>\n\t\t<div class=\"elementor-element elementor-element-013b3b5 e-flex e-con-boxed e-con e-parent\" data-id=\"013b3b5\" data-element_type=\"container\" data-e-type=\"container\">\n\t\t\t\t\t<div class=\"e-con-inner\">\n\t\t<div class=\"elementor-element elementor-element-5613c2c e-con-full e-flex e-con e-child\" data-id=\"5613c2c\" data-element_type=\"container\" data-e-type=\"container\">\n\t\t\t\t<div class=\"elementor-element elementor-element-cde9765 elementor-widget elementor-widget-image\" data-id=\"cde9765\" data-element_type=\"widget\" data-e-type=\"widget\" data-widget_type=\"image.default\">\n\t\t\t\t<div class=\"elementor-widget-container\">\n\t\t\t\t\t\t\t\t\t\t\t\t\t\t\t<img decoding=\"async\" width=\"570\" height=\"313\" src=\"https:\/\/maxxinstitutes.com\/wp-content\/uploads\/2025\/05\/Screenshot-2025-05-13-at-16.51.00.png\" class=\"attachment-large size-large wp-image-24012\" alt=\"\" srcset=\"https:\/\/maxxinstitutes.com\/wp-content\/uploads\/2025\/05\/Screenshot-2025-05-13-at-16.51.00.png 570w, https:\/\/maxxinstitutes.com\/wp-content\/uploads\/2025\/05\/Screenshot-2025-05-13-at-16.51.00-300x165.png 300w, https:\/\/maxxinstitutes.com\/wp-content\/uploads\/2025\/05\/Screenshot-2025-05-13-at-16.51.00-150x82.png 150w\" sizes=\"(max-width: 570px) 100vw, 570px\" title=\"\">\t\t\t\t\t\t\t\t\t\t\t\t\t\t\t<\/div>\n\t\t\t\t<\/div>\n\t\t\t\t<\/div>\n\t\t<div class=\"elementor-element elementor-element-d16c7b0 e-con-full e-flex e-con e-child\" data-id=\"d16c7b0\" data-element_type=\"container\" data-e-type=\"container\">\n\t\t\t\t<div class=\"elementor-element elementor-element-1aa05e0 elementor-widget elementor-widget-heading\" data-id=\"1aa05e0\" data-element_type=\"widget\" data-e-type=\"widget\" data-widget_type=\"heading.default\">\n\t\t\t\t<div class=\"elementor-widget-container\">\n\t\t\t\t\t<h2 class=\"elementor-heading-title elementor-size-default\">Kostenloses Parken - Recinto Ferial<\/h2>\t\t\t\t<\/div>\n\t\t\t\t<\/div>\n\t\t\t\t<div class=\"elementor-element elementor-element-04a424f color-scheme-inherit text-left elementor-widget elementor-widget-text-editor\" data-id=\"04a424f\" data-element_type=\"widget\" data-e-type=\"widget\" data-widget_type=\"text-editor.default\">\n\t\t\t\t<div class=\"elementor-widget-container\">\n\t\t\t\t\t\t\t\t\t<p>Dies ist ein kostenloser Parkplatz auf dem Messegel\u00e4nde. Er ist 7 Minuten zu Fu\u00df von der Schule entfernt (550m, Quelle: Google Maps). <br><br>Aus Richtung San Antonio kommend, nehmen Sie die Ausfahrt zum Recinto Ferial Cas Dominguets Free Parking. Von Santa Eulalia kommend fahren Sie nach San Antonio und nehmen nach dem Kreisverkehr die Ausfahrt zum Recinto Ferial Cas Dominguets Free Parking. <\/p>\t\t\t\t\t\t\t\t<\/div>\n\t\t\t\t<\/div>\n\t\t\t\t<\/div>\n\t\t\t\t\t<\/div>\n\t\t\t\t<\/div>\n\t\t\t\t<\/div>\n\t\t","protected":false},"excerpt":{"rendered":"<p>Wo Sie in der N\u00e4he des Instituto de Idiomas Ibiza parken k\u00f6nnen Parken gegen Geb\u00fchr &#8211; Parkplatz Es Pratet Wenn<\/p>\n","protected":false},"author":4,"featured_media":0,"parent":0,"menu_order":0,"comment_status":"closed","ping_status":"closed","template":"","meta":{"two_page_speed":[],"footnotes":""},"class_list":["post-24299","page","type-page","status-publish","hentry"],"_links":{"self":[{"href":"https:\/\/maxxinstitutes.com\/de\/wp-json\/wp\/v2\/pages\/24299","targetHints":{"allow":["GET"]}}],"collection":[{"href":"https:\/\/maxxinstitutes.com\/de\/wp-json\/wp\/v2\/pages"}],"about":[{"href":"https:\/\/maxxinstitutes.com\/de\/wp-json\/wp\/v2\/types\/page"}],"author":[{"embeddable":true,"href":"https:\/\/maxxinstitutes.com\/de\/wp-json\/wp\/v2\/users\/4"}],"replies":[{"embeddable":true,"href":"https:\/\/maxxinstitutes.com\/de\/wp-json\/wp\/v2\/comments?post=24299"}],"version-history":[{"count":1,"href":"https:\/\/maxxinstitutes.com\/de\/wp-json\/wp\/v2\/pages\/24299\/revisions"}],"predecessor-version":[{"id":24300,"href":"https:\/\/maxxinstitutes.com\/de\/wp-json\/wp\/v2\/pages\/24299\/revisions\/24300"}],"wp:attachment":[{"href":"https:\/\/maxxinstitutes.com\/de\/wp-json\/wp\/v2\/media?parent=24299"}],"curies":[{"name":"wp","href":"https:\/\/api.w.org\/{rel}","templated":true}]}}