{"id":15793,"date":"2024-09-06T21:05:40","date_gmt":"2024-09-06T21:05:40","guid":{"rendered":"http:\/\/maxxinstitutes.com\/kosten-rechner\/"},"modified":"2025-03-06T17:16:52","modified_gmt":"2025-03-06T17:16:52","slug":"kosten-rechner","status":"publish","type":"page","link":"https:\/\/maxxinstitutes.com\/de\/kosten-rechner\/","title":{"rendered":"Kosten-Rechner"},"content":{"rendered":"\t\t<div data-elementor-type=\"wp-page\" data-elementor-id=\"15793\" class=\"elementor elementor-15793 elementor-51\" data-elementor-post-type=\"page\">\n\t\t\t\t\t\t<section class=\"elementor-section elementor-top-section elementor-element elementor-element-3265136 elementor-section-boxed elementor-section-height-default elementor-section-height-default\" data-id=\"3265136\" data-element_type=\"section\" data-e-type=\"section\">\n\t\t\t\t\t\t<div class=\"elementor-container elementor-column-gap-default\">\n\t\t\t\t\t<div class=\"elementor-column elementor-col-100 elementor-top-column elementor-element elementor-element-b501976\" data-id=\"b501976\" data-element_type=\"column\" data-e-type=\"column\">\n\t\t\t<div class=\"elementor-widget-wrap elementor-element-populated\">\n\t\t\t\t\t\t<div class=\"elementor-element elementor-element-9cbed23 elementor-widget elementor-widget-heading\" data-id=\"9cbed23\" data-element_type=\"widget\" data-e-type=\"widget\" data-widget_type=\"heading.default\">\n\t\t\t\t<div class=\"elementor-widget-container\">\n\t\t\t\t\t<h2 class=\"elementor-heading-title elementor-size-default\">Berechnen Sie den Preis f\u00fcr Ihren Spanischkurs<\/h2>\t\t\t\t<\/div>\n\t\t\t\t<\/div>\n\t\t\t\t\t<\/div>\n\t\t<\/div>\n\t\t\t\t\t<\/div>\n\t\t<\/section>\n\t\t\t\t<section class=\"elementor-section elementor-top-section elementor-element elementor-element-d2890ee elementor-section-boxed elementor-section-height-default elementor-section-height-default\" data-id=\"d2890ee\" data-element_type=\"section\" data-e-type=\"section\">\n\t\t\t\t\t\t<div class=\"elementor-container elementor-column-gap-default\">\n\t\t\t\t\t<div class=\"elementor-column elementor-col-100 elementor-top-column elementor-element elementor-element-cf6db0f\" data-id=\"cf6db0f\" data-element_type=\"column\" data-e-type=\"column\">\n\t\t\t<div class=\"elementor-widget-wrap elementor-element-populated\">\n\t\t\t\t\t\t<div class=\"elementor-element elementor-element-f35e905 color-scheme-inherit text-left elementor-widget elementor-widget-text-editor\" data-id=\"f35e905\" data-element_type=\"widget\" data-e-type=\"widget\" data-widget_type=\"text-editor.default\">\n\t\t\t\t<div class=\"elementor-widget-container\">\n\t\t\t\t\t\t\t\t\t<ol>\n<li><b>W\u00e4hlen Sie Ihr Reiseziel<\/b><\/li><li><b>W\u00e4hlen Sie den Kurstyp<\/b>, die Dauer, das Startdatum und &#8211; wenn Sie es \u00fcber die Schule w\u00fcnschen &#8211; Ihre Unterkunftsart.<\/li>\n<li><b>Klicken Sie am Ende auf &#8222;Angebot senden&#8220;<\/b> und geben Sie Ihren Namen und&nbsp;<span style=\"font-family: Poppins, sans-serif; font-size: 15px; font-style: normal; font-variant-ligatures: normal; font-variant-caps: normal; font-weight: 400;\">Ihre E-Mail Adresse. Sie k\u00f6nnen das Feld &#8222;Nachricht&#8220; leer lassen. <\/span><\/li>\n<li><b>Wir werden uns<\/b> umgehend mit Ihnen in Verbindung setzen, um die Verf\u00fcgbarkeit zu best\u00e4tigen, und Sie k\u00f6nnen Ihre Buchung vornehmen, wenn Sie m\u00f6chten.<\/li>\n<li>Wenn Sie <b>Fragen oder Zweifel<\/b> haben, kontaktieren Sie uns bitte per E-Mail an maxxinstitutes.com oder \u00fcber das <strong><a href=\"http:\/\/maxxinstitutes.com\/contact\/\">Kontakt-Formular<\/a><\/strong>.<\/li>\n<\/ol>\t\t\t\t\t\t\t\t<\/div>\n\t\t\t\t<\/div>\n\t\t\t\t\t<\/div>\n\t\t<\/div>\n\t\t\t\t\t<\/div>\n\t\t<\/section>\n\t\t\t\t<section class=\"elementor-section elementor-top-section elementor-element elementor-element-47e2795 elementor-section-boxed elementor-section-height-default elementor-section-height-default\" data-id=\"47e2795\" data-element_type=\"section\" data-e-type=\"section\">\n\t\t\t\t\t\t<div class=\"elementor-container elementor-column-gap-default\">\n\t\t\t\t\t<div class=\"elementor-column elementor-col-100 elementor-top-column elementor-element elementor-element-1df6eaa\" data-id=\"1df6eaa\" data-element_type=\"column\" data-e-type=\"column\">\n\t\t\t<div class=\"elementor-widget-wrap elementor-element-populated\">\n\t\t\t\t\t\t<div class=\"elementor-element elementor-element-ecebb96 elementor-widget elementor-widget-shortcode\" data-id=\"ecebb96\" data-element_type=\"widget\" data-e-type=\"widget\" data-widget_type=\"shortcode.default\">\n\t\t\t\t<div class=\"elementor-widget-container\">\n\t\t\t\t\t<script type=\"text\/javascript\">window[\"ccb_front_template_18276\"] = [];<\/script>\t\t<div class=\"elementor-shortcode\">\n<div class=\"ccb-main-widget \" id=\"ccb_app_18276\" data-calc-id=\"18276\"><\/div>\n<\/div>\n\t\t\t\t\t\t<\/div>\n\t\t\t\t<\/div>\n\t\t\t\t\t<\/div>\n\t\t<\/div>\n\t\t\t\t\t<\/div>\n\t\t<\/section>\n\t\t\t\t<section class=\"elementor-section elementor-top-section elementor-element elementor-element-5fce845 elementor-section-boxed elementor-section-height-default elementor-section-height-default\" data-id=\"5fce845\" data-element_type=\"section\" data-e-type=\"section\">\n\t\t\t\t\t\t<div class=\"elementor-container elementor-column-gap-default\">\n\t\t\t\t\t<div class=\"elementor-column elementor-col-100 elementor-top-column elementor-element elementor-element-1b82ff5\" data-id=\"1b82ff5\" data-element_type=\"column\" data-e-type=\"column\">\n\t\t\t<div class=\"elementor-widget-wrap elementor-element-populated\">\n\t\t\t\t\t\t<div class=\"elementor-element elementor-element-8903019 elementor-widget elementor-widget-heading\" data-id=\"8903019\" data-element_type=\"widget\" data-e-type=\"widget\" data-widget_type=\"heading.default\">\n\t\t\t\t<div class=\"elementor-widget-container\">\n\t\t\t\t\t<h2 class=\"elementor-heading-title elementor-size-default\">Wie hoch sind die verschiedenen Geb\u00fchren?\n\n<\/h2>\t\t\t\t<\/div>\n\t\t\t\t<\/div>\n\t\t\t\t<div class=\"elementor-element elementor-element-e0a6a69 color-scheme-inherit text-left elementor-widget elementor-widget-text-editor\" data-id=\"e0a6a69\" data-element_type=\"widget\" data-e-type=\"widget\" data-widget_type=\"text-editor.default\">\n\t\t\t\t<div class=\"elementor-widget-container\">\n\t\t\t\t\t\t\t\t\t<ol>\n<li>\n<p data-start=\"58\" data-end=\"140\">Die <strong data-start=\"62\" data-end=\"79\">Einschreibegeb\u00fchr<\/strong> ist eine einmalige Zahlung f\u00fcr Ihre Anmeldung an der Schule.<\/p>\n<\/li>\n<li>\n<p data-start=\"142\" data-end=\"195\">Die <strong data-start=\"146\" data-end=\"160\">Kursgeb\u00fchr<\/strong> deckt die Kosten f\u00fcr Ihren Unterricht.<\/p>\n<\/li>\n<li>\n<p data-start=\"197\" data-end=\"353\">In den Gesamtkosten ist auch ein <strong data-start=\"228\" data-end=\"243\">Kursbuch<\/strong> enthalten, das Ihrem Niveau entsprechend zugewiesen wird. Sobald Sie eine Stufe abgeschlossen haben, m\u00fcssen Sie das n\u00e4chste Buch kaufen. <\/p>\n<\/li>\n<li>\n<p data-start=\"197\" data-end=\"353\"><span style=\"font-size: 15px; background-color: var(--wd-main-bgcolor);\">Die <\/span><strong style=\"font-size: 15px; background-color: var(--wd-main-bgcolor);\" data-start=\"359\" data-end=\"390\">Vermittlungsgeb\u00fchr f\u00fcr Unterk\u00fcnfte<\/strong><span style=\"font-size: 15px; background-color: var(--wd-main-bgcolor);\">  deckt die Verwaltungskosten f\u00fcr die Vermittlung und Sicherung Ihrer Unterkunft. Die   <\/span><strong style=\"font-size: 15px; background-color: var(--wd-main-bgcolor);\" data-start=\"473\" data-end=\"501\">W\u00f6chentliche Unterkunftsgeb\u00fchr<\/strong><span style=\"font-size: 15px; background-color: var(--wd-main-bgcolor);\"> deckt die Kosten f\u00fcr die Unterkunft selbst sowie f\u00fcr die Reinigung und Instandhaltung.<\/span><\/p>\n<\/li>\n<\/ol>\n\t\t\t\t\t\t\t\t<\/div>\n\t\t\t\t<\/div>\n\t\t\t\t\t<\/div>\n\t\t<\/div>\n\t\t\t\t\t<\/div>\n\t\t<\/section>\n\t\t\t\t<\/div>\n\t\t","protected":false},"excerpt":{"rendered":"<p>Berechnen Sie den Preis f\u00fcr Ihren Spanischkurs W\u00e4hlen Sie Ihr Reiseziel W\u00e4hlen Sie den Kurstyp, die Dauer, das Startdatum und<\/p>\n","protected":false},"author":5,"featured_media":0,"parent":0,"menu_order":0,"comment_status":"closed","ping_status":"closed","template":"","meta":{"two_page_speed":[],"footnotes":""},"class_list":["post-15793","page","type-page","status-publish","hentry"],"_links":{"self":[{"href":"https:\/\/maxxinstitutes.com\/de\/wp-json\/wp\/v2\/pages\/15793","targetHints":{"allow":["GET"]}}],"collection":[{"href":"https:\/\/maxxinstitutes.com\/de\/wp-json\/wp\/v2\/pages"}],"about":[{"href":"https:\/\/maxxinstitutes.com\/de\/wp-json\/wp\/v2\/types\/page"}],"author":[{"embeddable":true,"href":"https:\/\/maxxinstitutes.com\/de\/wp-json\/wp\/v2\/users\/5"}],"replies":[{"embeddable":true,"href":"https:\/\/maxxinstitutes.com\/de\/wp-json\/wp\/v2\/comments?post=15793"}],"version-history":[{"count":8,"href":"https:\/\/maxxinstitutes.com\/de\/wp-json\/wp\/v2\/pages\/15793\/revisions"}],"predecessor-version":[{"id":21934,"href":"https:\/\/maxxinstitutes.com\/de\/wp-json\/wp\/v2\/pages\/15793\/revisions\/21934"}],"wp:attachment":[{"href":"https:\/\/maxxinstitutes.com\/de\/wp-json\/wp\/v2\/media?parent=15793"}],"curies":[{"name":"wp","href":"https:\/\/api.w.org\/{rel}","templated":true}]}}