{"id":14701,"date":"2024-09-06T21:15:17","date_gmt":"2024-09-06T21:15:17","guid":{"rendered":"http:\/\/maxxinstitutes.com\/buchen\/"},"modified":"2025-03-05T05:37:07","modified_gmt":"2025-03-05T05:37:07","slug":"buchen","status":"publish","type":"page","link":"https:\/\/maxxinstitutes.com\/de\/buchen\/","title":{"rendered":"Buchen"},"content":{"rendered":"\t\t<div data-elementor-type=\"wp-page\" data-elementor-id=\"14701\" class=\"elementor elementor-14701 elementor-75\" data-elementor-post-type=\"page\">\n\t\t\t\t\t\t<section class=\"elementor-section elementor-top-section elementor-element elementor-element-5577a89 elementor-section-boxed elementor-section-height-default elementor-section-height-default\" data-id=\"5577a89\" data-element_type=\"section\" data-e-type=\"section\">\n\t\t\t\t\t\t<div class=\"elementor-container elementor-column-gap-default\">\n\t\t\t\t\t<div class=\"elementor-column elementor-col-100 elementor-top-column elementor-element elementor-element-2c7a731\" data-id=\"2c7a731\" data-element_type=\"column\" data-e-type=\"column\">\n\t\t\t<div class=\"elementor-widget-wrap elementor-element-populated\">\n\t\t\t\t\t\t<div class=\"elementor-element elementor-element-90de5fd elementor-widget elementor-widget-heading\" data-id=\"90de5fd\" data-element_type=\"widget\" data-e-type=\"widget\" data-widget_type=\"heading.default\">\n\t\t\t\t<div class=\"elementor-widget-container\">\n\t\t\t\t\t<h2 class=\"elementor-heading-title elementor-size-default\">Wie buche ich einen Spanischkurs<br> im Maxx Institute?<\/h2>\t\t\t\t<\/div>\n\t\t\t\t<\/div>\n\t\t\t\t\t<\/div>\n\t\t<\/div>\n\t\t\t\t\t<\/div>\n\t\t<\/section>\n\t\t\t\t<section class=\"elementor-section elementor-top-section elementor-element elementor-element-3e1fe05 elementor-section-boxed elementor-section-height-default elementor-section-height-default\" data-id=\"3e1fe05\" data-element_type=\"section\" data-e-type=\"section\">\n\t\t\t\t\t\t<div class=\"elementor-container elementor-column-gap-default\">\n\t\t\t\t\t<div class=\"elementor-column elementor-col-33 elementor-top-column elementor-element elementor-element-7591a19\" data-id=\"7591a19\" data-element_type=\"column\" data-e-type=\"column\">\n\t\t\t<div class=\"elementor-widget-wrap elementor-element-populated\">\n\t\t\t\t\t\t<div class=\"elementor-element elementor-element-3c0586d elementor-widget elementor-widget-heading\" data-id=\"3c0586d\" data-element_type=\"widget\" data-e-type=\"widget\" data-widget_type=\"heading.default\">\n\t\t\t\t<div class=\"elementor-widget-container\">\n\t\t\t\t\t<h2 class=\"elementor-heading-title elementor-size-default\">01.<\/h2>\t\t\t\t<\/div>\n\t\t\t\t<\/div>\n\t\t\t\t<div class=\"elementor-element elementor-element-017ed35 elementor-widget elementor-widget-heading\" data-id=\"017ed35\" data-element_type=\"widget\" data-e-type=\"widget\" data-widget_type=\"heading.default\">\n\t\t\t\t<div class=\"elementor-widget-container\">\n\t\t\t\t\t<h2 class=\"elementor-heading-title elementor-size-default\">W\u00e4hlen Sie Ihren Spanischkurs\n<\/h2>\t\t\t\t<\/div>\n\t\t\t\t<\/div>\n\t\t\t\t<div class=\"elementor-element elementor-element-8514419 color-scheme-inherit text-left elementor-widget elementor-widget-text-editor\" data-id=\"8514419\" data-element_type=\"widget\" data-e-type=\"widget\" data-widget_type=\"text-editor.default\">\n\t\t\t\t<div class=\"elementor-widget-container\">\n\t\t\t\t\t\t\t\t\t<p>Bitte sehen Sie sich unsere Spanischkurse an und w\u00e4hlen Sie den f\u00fcr Sie passenden aus. W\u00e4hlen Sie unter &#8222;Wochen&#8220; die Anzahl der Wochen aus und klicken Sie auf &#8222;Buchen&#8220;, um das Anmeldeformular aufzurufen und Ihre Zahlung per Kredit-\/Debitkarte oder Bank\u00fcberweisung vorzunehmen. Sie erhalten innerhalb von 24 Stunden (oder am n\u00e4chsten Arbeitstag) eine Buchungsbest\u00e4tigung.  <\/p>\n\t\t\t\t\t\t\t\t<\/div>\n\t\t\t\t<\/div>\n\t\t\t\t\t<\/div>\n\t\t<\/div>\n\t\t\t\t<div class=\"elementor-column elementor-col-33 elementor-top-column elementor-element elementor-element-873b6cc\" data-id=\"873b6cc\" data-element_type=\"column\" data-e-type=\"column\">\n\t\t\t<div class=\"elementor-widget-wrap elementor-element-populated\">\n\t\t\t\t\t\t<div class=\"elementor-element elementor-element-6250b89 elementor-widget elementor-widget-heading\" data-id=\"6250b89\" data-element_type=\"widget\" data-e-type=\"widget\" data-widget_type=\"heading.default\">\n\t\t\t\t<div class=\"elementor-widget-container\">\n\t\t\t\t\t<h2 class=\"elementor-heading-title elementor-size-default\">02.<\/h2>\t\t\t\t<\/div>\n\t\t\t\t<\/div>\n\t\t\t\t<div class=\"elementor-element elementor-element-b8a084b elementor-widget elementor-widget-heading\" data-id=\"b8a084b\" data-element_type=\"widget\" data-e-type=\"widget\" data-widget_type=\"heading.default\">\n\t\t\t\t<div class=\"elementor-widget-container\">\n\t\t\t\t\t<h2 class=\"elementor-heading-title elementor-size-default\">Erhalten Sie Ihre Best\u00e4tigung<\/h2>\t\t\t\t<\/div>\n\t\t\t\t<\/div>\n\t\t\t\t<div class=\"elementor-element elementor-element-3ee59fc color-scheme-inherit text-left elementor-widget elementor-widget-text-editor\" data-id=\"3ee59fc\" data-element_type=\"widget\" data-e-type=\"widget\" data-widget_type=\"text-editor.default\">\n\t\t\t\t<div class=\"elementor-widget-container\">\n\t\t\t\t\t\t\t\t\t<p>Sobald wir Ihre Zahlung erhalten haben, senden wir Ihnen die offizielle Best\u00e4tigung mit Ihrer Rechnung. Falls noch etwas aussteht, wie z.B. die Unterkunft oder die Materialgeb\u00fchr von 15\u20ac pro Woche f\u00fcr das\/die Buch(e) und das Material, wird auf der Rechnung auch Ihr ausstehender Betrag ausgewiesen. Sie k\u00f6nnen sie am ersten Schultag an der Rezeption bezahlen.  <\/p>\n\t\t\t\t\t\t\t\t<\/div>\n\t\t\t\t<\/div>\n\t\t\t\t\t<\/div>\n\t\t<\/div>\n\t\t\t\t<div class=\"elementor-column elementor-col-33 elementor-top-column elementor-element elementor-element-1c59d08\" data-id=\"1c59d08\" data-element_type=\"column\" data-e-type=\"column\">\n\t\t\t<div class=\"elementor-widget-wrap elementor-element-populated\">\n\t\t\t\t\t\t<div class=\"elementor-element elementor-element-2db7f46 elementor-widget elementor-widget-image\" data-id=\"2db7f46\" data-element_type=\"widget\" data-e-type=\"widget\" data-widget_type=\"image.default\">\n\t\t\t\t<div class=\"elementor-widget-container\">\n\t\t\t\t\t\t\t\t\t\t\t\t\t\t\t<img fetchpriority=\"high\" decoding=\"async\" width=\"432\" height=\"358\" src=\"https:\/\/maxxinstitutes.com\/wp-content\/uploads\/2024\/09\/Online_Intensivkurse.jpg\" class=\"attachment-full size-full wp-image-13780\" alt=\"\" srcset=\"https:\/\/maxxinstitutes.com\/wp-content\/uploads\/2024\/09\/Online_Intensivkurse.jpg 432w, https:\/\/maxxinstitutes.com\/wp-content\/uploads\/2024\/09\/Online_Intensivkurse-300x249.jpg 300w, https:\/\/maxxinstitutes.com\/wp-content\/uploads\/2024\/09\/Online_Intensivkurse-150x124.jpg 150w\" sizes=\"(max-width: 432px) 100vw, 432px\" title=\"\">\t\t\t\t\t\t\t\t\t\t\t\t\t\t\t<\/div>\n\t\t\t\t<\/div>\n\t\t\t\t\t<\/div>\n\t\t<\/div>\n\t\t\t\t\t<\/div>\n\t\t<\/section>\n\t\t<div class=\"elementor-element elementor-element-d3674aa e-flex e-con-boxed e-con e-parent\" data-id=\"d3674aa\" data-element_type=\"container\" data-e-type=\"container\">\n\t\t\t\t\t<div class=\"e-con-inner\">\n\t\t<div class=\"elementor-element elementor-element-648622e e-con-full e-flex e-con e-child\" data-id=\"648622e\" data-element_type=\"container\" data-e-type=\"container\">\n\t\t<div class=\"elementor-element elementor-element-88138ee e-con-full e-flex e-con e-child\" data-id=\"88138ee\" data-element_type=\"container\" data-e-type=\"container\">\n\t\t\t\t<div class=\"elementor-element elementor-element-dc6152a elementor-align-center elementor-mobile-align-center elementor-widget elementor-widget-button\" data-id=\"dc6152a\" data-element_type=\"widget\" data-e-type=\"widget\" data-widget_type=\"button.default\">\n\t\t\t\t<div class=\"elementor-widget-container\">\n\t\t\t\t\t\t\t\t\t<div class=\"elementor-button-wrapper\">\n\t\t\t\t\t<a class=\"elementor-button elementor-button-link elementor-size-sm\" href=\"https:\/\/maxxinstitutes.com\/de\/maxx-kurs-buchungsformular\/\" target=\"_blank\">\n\t\t\t\t\t\t<span class=\"elementor-button-content-wrapper\">\n\t\t\t\t\t\t<span class=\"elementor-button-icon\">\n\t\t\t\t<svg aria-hidden=\"true\" class=\"e-font-icon-svg e-fas-long-arrow-alt-right\" viewBox=\"0 0 448 512\" xmlns=\"http:\/\/www.w3.org\/2000\/svg\"><path d=\"M313.941 216H12c-6.627 0-12 5.373-12 12v56c0 6.627 5.373 12 12 12h301.941v46.059c0 21.382 25.851 32.09 40.971 16.971l86.059-86.059c9.373-9.373 9.373-24.569 0-33.941l-86.059-86.059c-15.119-15.119-40.971-4.411-40.971 16.971V216z\"><\/path><\/svg>\t\t\t<\/span>\n\t\t\t\t\t\t\t\t\t<span class=\"elementor-button-text\">Hier geht es zum Buchungsformular<\/span>\n\t\t\t\t\t<\/span>\n\t\t\t\t\t<\/a>\n\t\t\t\t<\/div>\n\t\t\t\t\t\t\t\t<\/div>\n\t\t\t\t<\/div>\n\t\t\t\t<\/div>\n\t\t\t\t<\/div>\n\t\t\t\t\t<\/div>\n\t\t\t\t<\/div>\n\t\t\t\t<section class=\"elementor-section elementor-top-section elementor-element elementor-element-a180504 elementor-section-boxed elementor-section-height-default elementor-section-height-default\" data-id=\"a180504\" data-element_type=\"section\" data-e-type=\"section\">\n\t\t\t\t\t\t<div class=\"elementor-container elementor-column-gap-default\">\n\t\t\t\t\t<div class=\"elementor-column elementor-col-33 elementor-top-column elementor-element elementor-element-c66d07e\" data-id=\"c66d07e\" data-element_type=\"column\" data-e-type=\"column\">\n\t\t\t<div class=\"elementor-widget-wrap elementor-element-populated\">\n\t\t\t\t\t\t<div class=\"elementor-element elementor-element-fb9487f elementor-widget elementor-widget-image\" data-id=\"fb9487f\" data-element_type=\"widget\" data-e-type=\"widget\" data-widget_type=\"image.default\">\n\t\t\t\t<div class=\"elementor-widget-container\">\n\t\t\t\t\t\t\t\t\t\t\t\t\t\t\t<img decoding=\"async\" width=\"1200\" height=\"1200\" src=\"https:\/\/maxxinstitutes.com\/wp-content\/uploads\/2024\/09\/Teacher-Training_2.jpg\" class=\"attachment-full size-full wp-image-13660\" alt=\"\" srcset=\"https:\/\/maxxinstitutes.com\/wp-content\/uploads\/2024\/09\/Teacher-Training_2.jpg 1200w, https:\/\/maxxinstitutes.com\/wp-content\/uploads\/2024\/09\/Teacher-Training_2-300x300.jpg 300w, https:\/\/maxxinstitutes.com\/wp-content\/uploads\/2024\/09\/Teacher-Training_2-1024x1024.jpg 1024w, https:\/\/maxxinstitutes.com\/wp-content\/uploads\/2024\/09\/Teacher-Training_2-150x150.jpg 150w, https:\/\/maxxinstitutes.com\/wp-content\/uploads\/2024\/09\/Teacher-Training_2-768x768.jpg 768w, https:\/\/maxxinstitutes.com\/wp-content\/uploads\/2024\/09\/Teacher-Training_2-600x600.jpg 600w\" sizes=\"(max-width: 1200px) 100vw, 1200px\" title=\"\">\t\t\t\t\t\t\t\t\t\t\t\t\t\t\t<\/div>\n\t\t\t\t<\/div>\n\t\t\t\t\t<\/div>\n\t\t<\/div>\n\t\t\t\t<div class=\"elementor-column elementor-col-33 elementor-top-column elementor-element elementor-element-d7d959a\" data-id=\"d7d959a\" data-element_type=\"column\" data-e-type=\"column\">\n\t\t\t<div class=\"elementor-widget-wrap elementor-element-populated\">\n\t\t\t\t\t\t<div class=\"elementor-element elementor-element-6618b82 elementor-widget elementor-widget-heading\" data-id=\"6618b82\" data-element_type=\"widget\" data-e-type=\"widget\" data-widget_type=\"heading.default\">\n\t\t\t\t<div class=\"elementor-widget-container\">\n\t\t\t\t\t<h2 class=\"elementor-heading-title elementor-size-default\">03.<\/h2>\t\t\t\t<\/div>\n\t\t\t\t<\/div>\n\t\t\t\t<div class=\"elementor-element elementor-element-0a282d7 elementor-widget elementor-widget-heading\" data-id=\"0a282d7\" data-element_type=\"widget\" data-e-type=\"widget\" data-widget_type=\"heading.default\">\n\t\t\t\t<div class=\"elementor-widget-container\">\n\t\t\t\t\t<h2 class=\"elementor-heading-title elementor-size-default\">Machen Sie den Level-Test<\/h2>\t\t\t\t<\/div>\n\t\t\t\t<\/div>\n\t\t\t\t<div class=\"elementor-element elementor-element-c4a8ab5 color-scheme-inherit text-left elementor-widget elementor-widget-text-editor\" data-id=\"c4a8ab5\" data-element_type=\"widget\" data-e-type=\"widget\" data-widget_type=\"text-editor.default\">\n\t\t\t\t<div class=\"elementor-widget-container\">\n\t\t\t\t\t\t\t\t\t<p>Im Instituto de Idiomas Ibiza ist es unser oberstes Ziel, Ihnen die beste Erfahrung beim Spanischlernen zu bieten. Um sicherzustellen, dass Sie in die f\u00fcr Ihr Niveau am besten geeignete Gruppe eingeteilt werden, bitten wir Sie, an unserem <span style=\"text-decoration: underline;\"><em><strong><a href=\"http:\/\/maxxinstitutes.com\/level-test\/\" target=\"_blank\" rel=\"noopener\">Online-Einstufungstest<\/a><\/strong><\/em><\/span>. So k\u00f6nnen wir Ihre Lernerfahrung auf Ihre aktuellen Kenntnisse abstimmen und sicherstellen, dass Sie in der richtigen Klasse sind, um das Beste aus Ihrem Spanischkurs zu machen. Bitte klicken Sie auf den Link, um mit dem Test zu beginnen und uns zu helfen, die perfekte Gruppe f\u00fcr Sie zu finden.   <\/p>\n\t\t\t\t\t\t\t\t<\/div>\n\t\t\t\t<\/div>\n\t\t\t\t\t<\/div>\n\t\t<\/div>\n\t\t\t\t<div class=\"elementor-column elementor-col-33 elementor-top-column elementor-element elementor-element-282e7dc\" data-id=\"282e7dc\" data-element_type=\"column\" data-e-type=\"column\">\n\t\t\t<div class=\"elementor-widget-wrap elementor-element-populated\">\n\t\t\t\t\t\t<div class=\"elementor-element elementor-element-bf3c0ea elementor-widget elementor-widget-heading\" data-id=\"bf3c0ea\" data-element_type=\"widget\" data-e-type=\"widget\" data-widget_type=\"heading.default\">\n\t\t\t\t<div class=\"elementor-widget-container\">\n\t\t\t\t\t<h2 class=\"elementor-heading-title elementor-size-default\">04.<\/h2>\t\t\t\t<\/div>\n\t\t\t\t<\/div>\n\t\t\t\t<div class=\"elementor-element elementor-element-f02b78c elementor-widget elementor-widget-heading\" data-id=\"f02b78c\" data-element_type=\"widget\" data-e-type=\"widget\" data-widget_type=\"heading.default\">\n\t\t\t\t<div class=\"elementor-widget-container\">\n\t\t\t\t\t<h2 class=\"elementor-heading-title elementor-size-default\">Informationen zur Ankunft<\/h2>\t\t\t\t<\/div>\n\t\t\t\t<\/div>\n\t\t\t\t<div class=\"elementor-element elementor-element-c07a271 color-scheme-inherit text-left elementor-widget elementor-widget-text-editor\" data-id=\"c07a271\" data-element_type=\"widget\" data-e-type=\"widget\" data-widget_type=\"text-editor.default\">\n\t\t\t\t<div class=\"elementor-widget-container\">\n\t\t\t\t\t\t\t\t\t<p>Wenn Sie nur einen Kurs gebucht haben, erhalten Sie alle notwendigen Informationen in Ihrer Buchungsbest\u00e4tigungs-E-Mail. Wenn Sie jedoch auch eine Unterkunft gebucht und bezahlt haben, wird Ihnen in der Woche Ihrer Ankunft eine zus\u00e4tzliche E-Mail zugesandt. Diese E-Mail enth\u00e4lt die genaue Adresse Ihrer Unterkunft und Anweisungen, wie Sie Ihren Schl\u00fcssel abholen k\u00f6nnen. Wenn Sie uns Ihre Flugdaten noch nicht mitgeteilt haben, bitten wir Sie zu diesem Zeitpunkt darum, um einen reibungslosen Check-in zu gew\u00e4hrleisten.   <\/p>\n\t\t\t\t\t\t\t\t<\/div>\n\t\t\t\t<\/div>\n\t\t\t\t\t<\/div>\n\t\t<\/div>\n\t\t\t\t\t<\/div>\n\t\t<\/section>\n\t\t\t\t<\/div>\n\t\t","protected":false},"excerpt":{"rendered":"<p>Wie buche ich einen Spanischkurs im Maxx Institute? 01. W\u00e4hlen Sie Ihren Spanischkurs Bitte sehen Sie sich unsere Spanischkurse an<\/p>\n","protected":false},"author":5,"featured_media":0,"parent":0,"menu_order":0,"comment_status":"closed","ping_status":"closed","template":"","meta":{"two_page_speed":[],"footnotes":""},"class_list":["post-14701","page","type-page","status-publish","hentry"],"_links":{"self":[{"href":"https:\/\/maxxinstitutes.com\/de\/wp-json\/wp\/v2\/pages\/14701","targetHints":{"allow":["GET"]}}],"collection":[{"href":"https:\/\/maxxinstitutes.com\/de\/wp-json\/wp\/v2\/pages"}],"about":[{"href":"https:\/\/maxxinstitutes.com\/de\/wp-json\/wp\/v2\/types\/page"}],"author":[{"embeddable":true,"href":"https:\/\/maxxinstitutes.com\/de\/wp-json\/wp\/v2\/users\/5"}],"replies":[{"embeddable":true,"href":"https:\/\/maxxinstitutes.com\/de\/wp-json\/wp\/v2\/comments?post=14701"}],"version-history":[{"count":3,"href":"https:\/\/maxxinstitutes.com\/de\/wp-json\/wp\/v2\/pages\/14701\/revisions"}],"predecessor-version":[{"id":20631,"href":"https:\/\/maxxinstitutes.com\/de\/wp-json\/wp\/v2\/pages\/14701\/revisions\/20631"}],"wp:attachment":[{"href":"https:\/\/maxxinstitutes.com\/de\/wp-json\/wp\/v2\/media?parent=14701"}],"curies":[{"name":"wp","href":"https:\/\/api.w.org\/{rel}","templated":true}]}}